{"id":1657,"date":"2021-04-17T22:58:35","date_gmt":"2021-04-17T22:58:35","guid":{"rendered":"https:\/\/amlthink.com\/?page_id=1657"},"modified":"2022-08-13T13:10:06","modified_gmt":"2022-08-13T13:10:06","slug":"rehberler","status":"publish","type":"page","link":"https:\/\/amlthink.com\/en\/rehberler\/","title":{"rendered":"Reports"},"content":{"rendered":"<div data-elementor-type=\"wp-page\" data-elementor-id=\"1657\" class=\"elementor elementor-1657\" data-elementor-post-type=\"page\">\n\t\t\t\t\t\t<section class=\"elementor-section elementor-top-section elementor-element elementor-element-49429b5c elementor-section-full_width elementor-section-height-min-height elementor-section-height-default elementor-section-items-middle\" data-id=\"49429b5c\" data-element_type=\"section\" data-settings=\"{&quot;background_background&quot;:&quot;classic&quot;}\">\n\t\t\t\t\t\t<div class=\"elementor-container elementor-column-gap-no\">\n\t\t\t\t\t<div class=\"elementor-column elementor-col-100 elementor-top-column elementor-element elementor-element-5dbddadd\" data-id=\"5dbddadd\" data-element_type=\"column\">\n\t\t\t<div class=\"elementor-widget-wrap\">\n\t\t\t\t\t\t\t<\/div>\n\t\t<\/div>\n\t\t\t\t\t<\/div>\n\t\t<\/section>\n\t\t              <div data-parallax-id=\"bdt_scene14c29b28\"\r\n                   id=\"bdt_scene14c29b28\" class=\"parallax-scene\">\r\n                                        \r\n                      \r\n                    <div data-depth=\"0.1\"\r\n                         class=\"bdt-scene-item\" style=\"background-position-x: 50%; background-position-y: 50%; background-size: cover;\"><\/div>\r\n                  \r\n                                <\/div>\r\n                \r\n                \t\t<section class=\"has-bdt-parallax elementor-section elementor-top-section elementor-element elementor-element-14c29b28 elementor-section-stretched elementor-section-full_width elementor-section-height-default elementor-section-height-default\" data-id=\"14c29b28\" data-element_type=\"section\" data-settings=\"{&quot;stretch_section&quot;:&quot;section-stretched&quot;,&quot;background_background&quot;:&quot;classic&quot;}\">\n\t\t\t\t\t\t<div class=\"elementor-container elementor-column-gap-default\">\n\t\t\t\t\t<div class=\"elementor-column elementor-col-100 elementor-top-column elementor-element elementor-element-6ffe5614\" data-id=\"6ffe5614\" data-element_type=\"column\">\n\t\t\t<div class=\"elementor-widget-wrap elementor-element-populated\">\n\t\t\t\t\t\t<div class=\"elementor-element elementor-element-1c9b541 elementor-widget elementor-widget-spacer\" data-id=\"1c9b541\" data-element_type=\"widget\" data-widget_type=\"spacer.default\">\n\t\t\t\t<div class=\"elementor-widget-container\">\n\t\t\t\t\t<div class=\"elementor-spacer\">\n\t\t\t<div class=\"elementor-spacer-inner\"><\/div>\n\t\t<\/div>\n\t\t\t\t<\/div>\n\t\t\t\t<\/div>\n\t\t\t\t<div class=\"elementor-element elementor-element-2cc35ec elementor-widget elementor-widget-bdt-advanced-heading\" data-id=\"2cc35ec\" data-element_type=\"widget\" data-widget_type=\"bdt-advanced-heading.default\">\n\t\t\t\t<div class=\"elementor-widget-container\">\n\t\t\t<div id =\"2cc35ec\" class=\"bdt-advanced-heading\" data-settings=\"{&quot;titleMultiColor&quot;:&quot;no&quot;}\"><div class=\"bdt-sub-heading\"><div class=\"bdt-sub-heading-content\">THINKoBLOG<\/div><div class=\"line bdt-button-icon-align-left\"><\/div><\/div> <h2 class=\"bdt-heading-title\"><\/h2><\/div>\t\t<\/div>\n\t\t\t\t<\/div>\n\t\t\t\t<div class=\"elementor-element elementor-element-5c2b8d0e elementor-widget elementor-widget-bdt-advanced-heading\" data-id=\"5c2b8d0e\" data-element_type=\"widget\" data-widget_type=\"bdt-advanced-heading.default\">\n\t\t\t\t<div class=\"elementor-widget-container\">\n\t\t\t<div id =\"5c2b8d0e\" class=\"bdt-advanced-heading\" data-settings=\"{&quot;titleMultiColor&quot;:&quot;no&quot;}\"><div class=\"bdt-sub-heading\"><div class=\"bdt-sub-heading-content\">Our Publications<\/div><\/div> <h2 class=\"bdt-heading-title\"><span class=\"bdt-main-heading\"><span class=\"bdt-main-heading-inner\">Guidelines &amp; Reports<\/span><\/span><\/h2><\/div>\t\t<\/div>\n\t\t\t\t<\/div>\n\t\t\t\t<div class=\"elementor-element elementor-element-3b8337e7 elementor-widget elementor-widget-text-editor\" data-id=\"3b8337e7\" data-element_type=\"widget\" data-widget_type=\"text-editor.default\">\n\t\t\t\t<div class=\"elementor-widget-container\">\n\t\t\t\t\t\t\t<p>We closely follow current developments in the areas of compliance, AML, sanctions, and financial crime and provide you with our guidance documents and research reports, which we publish regularly.<\/p>\t\t\t\t\t\t<\/div>\n\t\t\t\t<\/div>\n\t\t\t\t<div class=\"elementor-element elementor-element-0245191 elementor-widget elementor-widget-text-editor\" data-id=\"0245191\" data-element_type=\"widget\" data-widget_type=\"text-editor.default\">\n\t\t\t\t<div class=\"elementor-widget-container\">\n\t\t\t\t\t\t\t<p>We closely monitor current developments in money laundering, terrorist financing, and other financial crimes, trends, and typologies, criminal profiles, points to consider for your institution and red flags, and share them with you in our guidelines.<\/p><p>We include current national and international regulations in our reports and guidelines.<\/p>\t\t\t\t\t\t<\/div>\n\t\t\t\t<\/div>\n\t\t\t\t<section class=\"elementor-section elementor-inner-section elementor-element elementor-element-abb99cc elementor-section-full_width elementor-section-height-default elementor-section-height-default\" data-id=\"abb99cc\" data-element_type=\"section\">\n\t\t\t\t\t\t<div class=\"elementor-container elementor-column-gap-default\">\n\t\t\t\t\t<div class=\"elementor-column elementor-col-50 elementor-inner-column elementor-element elementor-element-2b821f0 elementor-hidden-tablet elementor-hidden-phone\" data-id=\"2b821f0\" data-element_type=\"column\">\n\t\t\t<div class=\"elementor-widget-wrap elementor-element-populated\">\n\t\t\t\t\t\t<div class=\"elementor-element elementor-element-08de591 elementor-hidden-tablet elementor-hidden-phone elementor-widget elementor-widget-image\" data-id=\"08de591\" data-element_type=\"widget\" data-widget_type=\"image.default\">\n\t\t\t\t<div class=\"elementor-widget-container\">\n\t\t\t\t\t\t\t\t\t\t\t\t\t<img fetchpriority=\"high\" width=\"2500\" height=\"1667\" src=\"https:\/\/mlso3a0oamy6.i.optimole.com\/cb:ebGu~4f837\/w:1619\/h:1080\/q:mauto\/f:best\/ig:avif\/https:\/\/amlthink.com\/wp-content\/uploads\/2021\/04\/Thinkoblog_R2.png\" class=\"attachment-medium_large size-medium_large wp-image-1660\" alt=\"\" srcset=\"https:\/\/mlso3a0oamy6.i.optimole.com\/cb:ebGu~4f837\/w:1619\/h:1080\/q:mauto\/f:best\/ig:avif\/https:\/\/amlthink.com\/wp-content\/uploads\/2021\/04\/Thinkoblog_R2.png 2500w, https:\/\/mlso3a0oamy6.i.optimole.com\/cb:ebGu~4f837\/w:300\/h:200\/q:mauto\/f:best\/ig:avif\/https:\/\/amlthink.com\/wp-content\/uploads\/2021\/04\/Thinkoblog_R2.png 300w, https:\/\/mlso3a0oamy6.i.optimole.com\/cb:ebGu~4f837\/w:1024\/h:683\/q:mauto\/f:best\/ig:avif\/https:\/\/amlthink.com\/wp-content\/uploads\/2021\/04\/Thinkoblog_R2.png 1024w, https:\/\/mlso3a0oamy6.i.optimole.com\/cb:ebGu~4f837\/w:768\/h:512\/q:mauto\/f:best\/ig:avif\/https:\/\/amlthink.com\/wp-content\/uploads\/2021\/04\/Thinkoblog_R2.png 768w, https:\/\/mlso3a0oamy6.i.optimole.com\/cb:ebGu~4f837\/w:1536\/h:1024\/q:mauto\/f:best\/ig:avif\/https:\/\/amlthink.com\/wp-content\/uploads\/2021\/04\/Thinkoblog_R2.png 1536w, https:\/\/mlso3a0oamy6.i.optimole.com\/cb:ebGu~4f837\/w:1619\/h:1080\/q:mauto\/f:best\/ig:avif\/https:\/\/amlthink.com\/wp-content\/uploads\/2021\/04\/Thinkoblog_R2.png 2048w\" sizes=\"(max-width: 800px) 100vw, 800px\" \/>\t\t\t\t\t\t\t\t\t\t\t\t\t<\/div>\n\t\t\t\t<\/div>\n\t\t\t\t\t<\/div>\n\t\t<\/div>\n\t\t\t\t<div class=\"elementor-column elementor-col-50 elementor-inner-column elementor-element elementor-element-ff5699b\" data-id=\"ff5699b\" data-element_type=\"column\">\n\t\t\t<div class=\"elementor-widget-wrap elementor-element-populated\">\n\t\t\t\t\t\t<div class=\"elementor-element elementor-element-e95f283 elementor-widget elementor-widget-bdt-advanced-heading\" data-id=\"e95f283\" data-element_type=\"widget\" data-widget_type=\"bdt-advanced-heading.default\">\n\t\t\t\t<div class=\"elementor-widget-container\">\n\t\t\t<div id =\"e95f283\" class=\"bdt-advanced-heading\" data-settings=\"{&quot;titleMultiColor&quot;:&quot;no&quot;}\"><div class=\"bdt-sub-heading\"><div class=\"bdt-sub-heading-content\">Reports<\/div><div class=\"line bdt-button-icon-align-left\"><\/div><\/div> <h2 class=\"bdt-heading-title\"><\/h2><\/div>\t\t<\/div>\n\t\t\t\t<\/div>\n\t\t\t\t<div class=\"elementor-element elementor-element-1f26ac1 elementor-widget elementor-widget-bdt-advanced-heading\" data-id=\"1f26ac1\" data-element_type=\"widget\" data-widget_type=\"bdt-advanced-heading.default\">\n\t\t\t\t<div class=\"elementor-widget-container\">\n\t\t\t<div id =\"1f26ac1\" class=\"bdt-advanced-heading\" data-settings=\"{&quot;titleMultiColor&quot;:&quot;no&quot;}\"><div class=\"bdt-sub-heading\"><div class=\"bdt-sub-heading-content\">Red Flags<\/div><\/div> <h2 class=\"bdt-heading-title\"><span class=\"bdt-main-heading\"><span class=\"bdt-main-heading-inner\">Red Flag Indicators<\/span><\/span><\/h2><\/div>\t\t<\/div>\n\t\t\t\t<\/div>\n\t\t\t\t<div class=\"elementor-element elementor-element-d688307 elementor-widget elementor-widget-text-editor\" data-id=\"d688307\" data-element_type=\"widget\" data-widget_type=\"text-editor.default\">\n\t\t\t\t<div class=\"elementor-widget-container\">\n\t\t\t\t\t\t\t<p>Rehberlerimizde yer alan tehlike g\u00f6stergeleri, rapor konusuna ve ili\u015fkili finansal faaliyetlere \u00f6zg\u00fcd\u00fcr. Rapor konular\u0131na \u00f6zg\u00fc olan \u015f\u00fcpheli i\u015flemler, aklama veya ter\u00f6r\u00fcn finansman\u0131 y\u00f6ntemlerine benzer \u00f6zellikler mutlaka i\u00e7ermektedir. Ancak spesifik nitelik arz eden m\u00fc\u015fteri veya i\u015flem tiplerinin s\u00f6z konusu oldu\u011fu bir\u00e7ok durumda geleneksel risk g\u00f6stergeleri yahut \u015f\u00fcpheli i\u015flem tipleri, bu i\u015flemleri yakalamak i\u00e7in yeterli olmayabilmektedir.<\/p><p>When evaluating a potentially suspicious transaction, reporting entities can more easily observe some red flag indicators during general transaction monitoring, but the presence of some other indicators can only be uncovered through transaction-specific analysis. We provide the red flag indicators to reporting entities in our publications for reference. <br> <br> Our guidelines and reports mainly focus on;<\/p>\t\t\t\t\t\t<\/div>\n\t\t\t\t<\/div>\n\t\t\t\t\t<\/div>\n\t\t<\/div>\n\t\t\t\t\t<\/div>\n\t\t<\/section>\n\t\t\t\t<div class=\"elementor-element elementor-element-e2d4d08 elementor-widget elementor-widget-text-editor\" data-id=\"e2d4d08\" data-element_type=\"widget\" data-widget_type=\"text-editor.default\">\n\t\t\t\t<div class=\"elementor-widget-container\">\n\t\t\t\t\t\t\t<p>When evaluating a potentially suspicious transaction, reporting entities can more easily observe some red flag indicators during general transaction monitoring, but the presence of some other indicators can only be uncovered through transaction-specific analysis. We provide the red flag indicators to reporting entities in our publications for reference. <br> <br> Our guidelines and reports mainly focus on;<\/p><p>\u2013 Transactions, <br \/>\u2013 Patterns, <br \/>\u2013 Transaction structures, <br \/>\u2013 Customer profiles, <br \/>\u2013 Source of the funds, and <br \/>\u2013 Geographical risks.<\/p><p>g\u00f6stergelere odaklan\u0131yoruz.<\/p>\t\t\t\t\t\t<\/div>\n\t\t\t\t<\/div>\n\t\t\t\t<div class=\"elementor-element elementor-element-6a2a4f24 elementor-widget elementor-widget-spacer\" data-id=\"6a2a4f24\" data-element_type=\"widget\" data-widget_type=\"spacer.default\">\n\t\t\t\t<div class=\"elementor-widget-container\">\n\t\t\t\t\t<div class=\"elementor-spacer\">\n\t\t\t<div class=\"elementor-spacer-inner\"><\/div>\n\t\t<\/div>\n\t\t\t\t<\/div>\n\t\t\t\t<\/div>\n\t\t\t\t\t<\/div>\n\t\t<\/div>\n\t\t\t\t\t<\/div>\n\t\t<\/section>\n\t\t\t\t<\/div>","protected":false},"excerpt":{"rendered":"<p>THINKoBLOG Yay\u0131nlar\u0131m\u0131z Rehberler ve Raporlar\u0131m\u0131z Uyum, AML, yapt\u0131r\u0131mlar ve mali su\u00e7larla ilgili g\u00fcncel geli\u015fmeleri yak\u0131ndan izliyor, d\u00fczenli aral\u0131klarla yay\u0131nlad\u0131\u011f\u0131m\u0131z rehberlerimiz ve ara\u015ft\u0131rma raporlar\u0131m\u0131z\u0131 sizlerle bulu\u015fturuyoruz. Aklama, ter\u00f6r\u00fcn finansman\u0131 ve di\u011fer mali su\u00e7lardaki g\u00fcncel geli\u015fmeleri yak\u0131ndan izliyor, trendleri, su\u00e7 i\u015fleme y\u00f6ntemlerini, su\u00e7lular\u0131n profillerini, kurumunuz a\u00e7\u0131s\u0131ndan dikkat edilmesi gereken noktalar\u0131 ve tehlike g\u00f6stergelerini (Red Flags) raporluyor, rehberlerimizle [&hellip;]<\/p>","protected":false},"author":1,"featured_media":0,"parent":0,"menu_order":0,"comment_status":"closed","ping_status":"closed","template":"elementor_header_footer","meta":[],"_links":{"self":[{"href":"https:\/\/amlthink.com\/en\/wp-json\/wp\/v2\/pages\/1657"}],"collection":[{"href":"https:\/\/amlthink.com\/en\/wp-json\/wp\/v2\/pages"}],"about":[{"href":"https:\/\/amlthink.com\/en\/wp-json\/wp\/v2\/types\/page"}],"author":[{"embeddable":true,"href":"https:\/\/amlthink.com\/en\/wp-json\/wp\/v2\/users\/1"}],"replies":[{"embeddable":true,"href":"https:\/\/amlthink.com\/en\/wp-json\/wp\/v2\/comments?post=1657"}],"version-history":[{"count":38,"href":"https:\/\/amlthink.com\/en\/wp-json\/wp\/v2\/pages\/1657\/revisions"}],"predecessor-version":[{"id":2305,"href":"https:\/\/amlthink.com\/en\/wp-json\/wp\/v2\/pages\/1657\/revisions\/2305"}],"wp:attachment":[{"href":"https:\/\/amlthink.com\/en\/wp-json\/wp\/v2\/media?parent=1657"}],"curies":[{"name":"wp","href":"https:\/\/api.w.org\/{rel}","templated":true}]}}