{"id":2327,"date":"2022-08-13T22:25:02","date_gmt":"2022-08-13T22:25:02","guid":{"rendered":"https:\/\/amlthink.com\/?page_id=2327"},"modified":"2022-08-13T22:51:23","modified_gmt":"2022-08-13T22:51:23","slug":"inonu-akgun-alp","status":"publish","type":"page","link":"https:\/\/amlthink.com\/en\/inonu-akgun-alp\/","title":{"rendered":"INONU AKGUN ALP"},"content":{"rendered":"<div data-elementor-type=\"wp-page\" data-elementor-id=\"2327\" class=\"elementor elementor-2327\" data-elementor-post-type=\"page\">\n\t\t\t\t\t\t<section class=\"elementor-section elementor-top-section elementor-element elementor-element-86def89 elementor-section-boxed elementor-section-height-default elementor-section-height-default\" data-id=\"86def89\" data-element_type=\"section\">\n\t\t\t\t\t\t<div class=\"elementor-container elementor-column-gap-default\">\n\t\t\t\t\t<div class=\"elementor-column elementor-col-50 elementor-top-column elementor-element elementor-element-230230d\" data-id=\"230230d\" data-element_type=\"column\" data-settings=\"{&quot;background_background&quot;:&quot;classic&quot;}\">\n\t\t\t<div class=\"elementor-widget-wrap elementor-element-populated\">\n\t\t\t\t\t\t<div class=\"elementor-element elementor-element-1db7c60 elementor-widget elementor-widget-bdt-advanced-heading\" data-id=\"1db7c60\" data-element_type=\"widget\" data-widget_type=\"bdt-advanced-heading.default\">\n\t\t\t\t<div class=\"elementor-widget-container\">\n\t\t\t<div id =\"1db7c60\" class=\"bdt-advanced-heading\" data-settings=\"{&quot;titleMultiColor&quot;:&quot;no&quot;}\"><div class=\"bdt-advanced-heading-content\"><div class=\"bdt-transform-origin-top-left\">\u0130n\u00f6n\u00fc Akg\u00fcn ALP<\/div><\/div><h2 class=\"bdt-heading-title\"><span class=\"bdt-main-heading\"><span class=\"bdt-main-heading-inner\">\u0130n\u00f6n\u00fc Akg\u00fcn ALP<\/span><\/span><\/h2><\/div>\t\t<\/div>\n\t\t\t\t<\/div>\n\t\t\t\t<div class=\"elementor-element elementor-element-447686b elementor-widget elementor-widget-text-editor\" data-id=\"447686b\" data-element_type=\"widget\" data-widget_type=\"text-editor.default\">\n\t\t\t\t<div class=\"elementor-widget-container\">\n\t\t\t\t\t\t\t<p><i>1999 y\u0131l\u0131nda mesleki hayat\u0131na MASAK\u2019ta ba\u015flayan ALP,\u00a0<\/i><i>20 y\u0131l boyunca bu kurumda Uzman, Daire\u00a0<\/i><i>Ba\u015fkan\u0131 ve son olarak Ba\u015fkan Yard\u0131mc\u0131s\u0131 olarak g\u00f6rev\u00a0<\/i><i>yapt\u0131.<\/i><\/p><p><i>Uzmanl\u0131k kariyerinde, finansal kurumlara y\u0131ll\u0131k olarak verilen AML uyum karnesini\u00a0<\/i><i>haz\u0131rlad\u0131 ve 5 y\u0131l boyunca finansal kurumlar\u0131n\u00a0<\/i><i>\u015fu\u0308pheli i\u015flem bildirimlerinin say\u0131sal ve kalite \u00f6l\u00e7u\u0308mu\u0308nu\u0308\u00a0<\/i><i>geli\u015ftirdi\u011fi skorlama sistemati\u011fi ile yaparak eksiklikleri\u00a0<\/i><i>finansal kurumlara raporlad\u0131.<\/i><\/p><p><i>MASAK bilgi i\u015flem altyap\u0131s\u0131n\u0131n gu\u0308\u00e7lendirilmesi kapsam\u0131nda\u00a0<\/i><i>yu\u0308ru\u0308tu\u0308len AB projesinde AML tak\u0131m lideri olarak\u00a0<\/i><i>e-\u015e\u0130B (elektronik \u015fu\u0308pheli i\u015flem bildirimi) altyap\u0131s\u0131\u00a0<\/i><i>ile MASAK AML yaz\u0131l\u0131m\u0131n\u0131n olu\u015fturulmas\u0131nda ve ilk \u015e\u0130B\u00a0<\/i><i>Rehberinin haz\u0131rlanmas\u0131nda rol oynad\u0131.<\/i><\/p><p><i>MASAK\u2019ta 2014 ve 2015 y\u0131llar\u0131nda su\u0308rdu\u0308rdu\u0308\u011fu\u0308 Daire\u00a0<\/i><i>Ba\u015fkanl\u0131\u011f\u0131 d\u00f6neminde MASAK bilgi gu\u0308venlik altyap\u0131s\u0131n\u0131n\u00a0<\/i><i>olu\u015fturulmas\u0131 ve ISO 27001 sertifikas\u0131n\u0131n al\u0131nmas\u0131, kurum i\u00e7i ka\u011f\u0131ts\u0131z ofise ge\u00e7ilmesi,\u00a0<\/i><i>e-Tebligat sisteminin olu\u015fturulmas\u0131, Entegre Mali \u0130stihbarat\u00a0<\/i><i>Sistemi (EM\u0130S) ve yu\u0308ku\u0308mlu\u0308lerle elektronik ileti\u015fimi\u00a0<\/i><i>sa\u011flayan EM\u0130S.ONLINE sisteminin geli\u015ftirilmesi, finansal\u00a0<\/i><i>kurulu\u015flara Y\u0131ll\u0131k AML Uyum Karnelerinin verilmesi\u00a0<\/i><i>su\u0308re\u00e7lerini y\u00f6netti.<\/i><\/p><p><i>2015-2020 y\u0131llar\u0131 aras\u0131nda MASAK Ba\u015fkan Yard\u0131mc\u0131s\u0131\u00a0<\/i><i>olarak g\u00f6rev yapt\u0131 ve Analiz, \u0130nceleme, \u00d6zel Yapt\u0131r\u0131mlar\u00a0<\/i><i>ve Bilgi Teknolojileri Dairelerini y\u00f6netti. Bu su\u0308re\u00e7te analiz\u00a0<\/i><i>su\u0308re\u00e7lerinin otomasyonu, finansal kurumlar\u0131n AML\u00a0<\/i><i>senaryolar\u0131n\u0131n harmonizasyonu projelerini yu\u0308ru\u0308ttu\u0308, finansal\u00a0<\/i><i>kurumlardan standart bilgi ak\u0131\u015f\u0131n\u0131n altyap\u0131s\u0131n\u0131n\u00a0<\/i><i>olu\u015fturulmas\u0131n\u0131 ve Sekt\u00f6rel \u015e\u0130B Rehberlerinin haz\u0131rlanmas\u0131n\u0131\u00a0<\/i><i>sa\u011flad\u0131. 2021 y\u0131l\u0131nda kendi talebiyle memuriyetten\u00a0<\/i><i>ayr\u0131ld\u0131.<\/i><\/p>\t\t\t\t\t\t<\/div>\n\t\t\t\t<\/div>\n\t\t\t\t\t<\/div>\n\t\t<\/div>\n\t\t\t\t<div class=\"elementor-column elementor-col-50 elementor-top-column elementor-element elementor-element-f50a6c4\" data-id=\"f50a6c4\" data-element_type=\"column\" data-settings=\"{&quot;background_background&quot;:&quot;classic&quot;}\">\n\t\t\t<div class=\"elementor-widget-wrap elementor-element-populated\">\n\t\t\t\t\t\t<div class=\"elementor-element elementor-element-e38f267 elementor-widget elementor-widget-image\" data-id=\"e38f267\" data-element_type=\"widget\" data-widget_type=\"image.default\">\n\t\t\t\t<div class=\"elementor-widget-container\">\n\t\t\t\t\t\t\t\t\t\t\t\t\t<img fetchpriority=\"high\" width=\"1920\" height=\"2560\" src=\"https:\/\/mlso3a0oamy6.i.optimole.com\/cb:ebGu~4f837\/w:768\/h:1024\/q:mauto\/f:best\/ig:avif\/https:\/\/amlthink.com\/wp-content\/uploads\/2022\/08\/Inonu_Akgun_Alp-scaled.jpg\" class=\"attachment-large size-large wp-image-2339\" alt=\"\" srcset=\"https:\/\/mlso3a0oamy6.i.optimole.com\/cb:ebGu~4f837\/w:810\/h:1080\/q:mauto\/f:best\/ig:avif\/https:\/\/amlthink.com\/wp-content\/uploads\/2022\/08\/Inonu_Akgun_Alp-scaled.jpg 1920w, https:\/\/mlso3a0oamy6.i.optimole.com\/cb:ebGu~4f837\/w:225\/h:300\/q:mauto\/f:best\/ig:avif\/https:\/\/amlthink.com\/wp-content\/uploads\/2022\/08\/Inonu_Akgun_Alp-scaled.jpg 225w, https:\/\/mlso3a0oamy6.i.optimole.com\/cb:ebGu~4f837\/w:768\/h:1024\/q:mauto\/f:best\/ig:avif\/https:\/\/amlthink.com\/wp-content\/uploads\/2022\/08\/Inonu_Akgun_Alp-scaled.jpg 768w, https:\/\/mlso3a0oamy6.i.optimole.com\/cb:ebGu~4f837\/w:810\/h:1080\/q:mauto\/f:best\/ig:avif\/https:\/\/amlthink.com\/wp-content\/uploads\/2022\/08\/Inonu_Akgun_Alp-scaled.jpg 1152w, https:\/\/mlso3a0oamy6.i.optimole.com\/cb:ebGu~4f837\/w:810\/h:1080\/q:mauto\/f:best\/ig:avif\/https:\/\/amlthink.com\/wp-content\/uploads\/2022\/08\/Inonu_Akgun_Alp-scaled.jpg 1536w, https:\/\/mlso3a0oamy6.i.optimole.com\/cb:ebGu~4f837\/w:9\/h:12\/q:mauto\/f:best\/ig:avif\/https:\/\/amlthink.com\/wp-content\/uploads\/2022\/08\/Inonu_Akgun_Alp-scaled.jpg 9w, https:\/\/mlso3a0oamy6.i.optimole.com\/cb:ebGu~4f837\/w:750\/h:1000\/q:mauto\/f:best\/ig:avif\/https:\/\/amlthink.com\/wp-content\/uploads\/2022\/08\/Inonu_Akgun_Alp-scaled.jpg 750w, https:\/\/mlso3a0oamy6.i.optimole.com\/cb:ebGu~4f837\/w:810\/h:1080\/q:mauto\/f:best\/ig:avif\/https:\/\/amlthink.com\/wp-content\/uploads\/2022\/08\/Inonu_Akgun_Alp-scaled.jpg 1140w\" sizes=\"(max-width: 768px) 100vw, 768px\" \/>\t\t\t\t\t\t\t\t\t\t\t\t\t<\/div>\n\t\t\t\t<\/div>\n\t\t\t\t\t<\/div>\n\t\t<\/div>\n\t\t\t\t\t<\/div>\n\t\t<\/section>\n\t\t\t\t<\/div>","protected":false},"excerpt":{"rendered":"<p>\u0130n\u00f6n\u00fc Akg\u00fcn ALP \u0130n\u00f6n\u00fc Akg\u00fcn ALP 1999 y\u0131l\u0131nda mesleki hayat\u0131na MASAK\u2019ta ba\u015flayan ALP,\u00a020 y\u0131l boyunca bu kurumda Uzman, Daire\u00a0Ba\u015fkan\u0131 ve son olarak Ba\u015fkan Yard\u0131mc\u0131s\u0131 olarak g\u00f6rev\u00a0yapt\u0131. Uzmanl\u0131k kariyerinde, finansal kurumlara y\u0131ll\u0131k olarak verilen AML uyum karnesini\u00a0haz\u0131rlad\u0131 ve 5 y\u0131l boyunca finansal kurumlar\u0131n\u00a0\u015fu\u0308pheli i\u015flem bildirimlerinin say\u0131sal ve kalite \u00f6l\u00e7u\u0308mu\u0308nu\u0308\u00a0geli\u015ftirdi\u011fi skorlama sistemati\u011fi ile yaparak eksiklikleri\u00a0finansal kurumlara raporlad\u0131. [&hellip;]<\/p>","protected":false},"author":1,"featured_media":0,"parent":0,"menu_order":0,"comment_status":"closed","ping_status":"closed","template":"","meta":[],"_links":{"self":[{"href":"https:\/\/amlthink.com\/en\/wp-json\/wp\/v2\/pages\/2327"}],"collection":[{"href":"https:\/\/amlthink.com\/en\/wp-json\/wp\/v2\/pages"}],"about":[{"href":"https:\/\/amlthink.com\/en\/wp-json\/wp\/v2\/types\/page"}],"author":[{"embeddable":true,"href":"https:\/\/amlthink.com\/en\/wp-json\/wp\/v2\/users\/1"}],"replies":[{"embeddable":true,"href":"https:\/\/amlthink.com\/en\/wp-json\/wp\/v2\/comments?post=2327"}],"version-history":[{"count":13,"href":"https:\/\/amlthink.com\/en\/wp-json\/wp\/v2\/pages\/2327\/revisions"}],"predecessor-version":[{"id":2345,"href":"https:\/\/amlthink.com\/en\/wp-json\/wp\/v2\/pages\/2327\/revisions\/2345"}],"wp:attachment":[{"href":"https:\/\/amlthink.com\/en\/wp-json\/wp\/v2\/media?parent=2327"}],"curies":[{"name":"wp","href":"https:\/\/api.w.org\/{rel}","templated":true}]}}