{"id":357,"date":"2020-06-29T21:27:26","date_gmt":"2020-06-29T21:27:26","guid":{"rendered":"https:\/\/amlthink.com\/?page_id=357"},"modified":"2022-08-13T22:51:45","modified_gmt":"2022-08-13T22:51:45","slug":"ekibimiz","status":"publish","type":"page","link":"https:\/\/amlthink.com\/en\/ekibimiz\/","title":{"rendered":"Team"},"content":{"rendered":"<div data-elementor-type=\"wp-page\" data-elementor-id=\"357\" class=\"elementor elementor-357\" data-elementor-post-type=\"page\">\n\t\t\t\t\t\t<section class=\"elementor-section elementor-top-section elementor-element elementor-element-0fce6f7 elementor-section-full_width elementor-section-height-min-height elementor-section-height-default elementor-section-items-middle\" data-id=\"0fce6f7\" data-element_type=\"section\" data-settings=\"{&quot;background_background&quot;:&quot;classic&quot;}\" data-no-translation=\"\">\n\t\t\t\t\t\t<div class=\"elementor-container elementor-column-gap-no\">\n\t\t\t\t\t<div class=\"elementor-column elementor-col-100 elementor-top-column elementor-element elementor-element-766de25\" data-id=\"766de25\" data-element_type=\"column\">\n\t\t\t<div class=\"elementor-widget-wrap\">\n\t\t\t\t\t\t\t<\/div>\n\t\t<\/div>\n\t\t\t\t\t<\/div>\n\t\t<\/section>\n\t\t              <div data-parallax-id=\"bdt_scene208c0dd\"\r\n                   id=\"bdt_scene208c0dd\" class=\"parallax-scene\">\r\n                                        \r\n                      \r\n                    <div data-depth=\"0.1\"\r\n                         class=\"bdt-scene-item\" style=\"background-position-x: 50%; background-position-y: 50%; background-size: cover;\"><\/div>\r\n                  \r\n                                <\/div>\r\n                \r\n                \t\t<section class=\"has-bdt-parallax elementor-section elementor-top-section elementor-element elementor-element-208c0dd elementor-section-stretched elementor-section-full_width elementor-section-height-default elementor-section-height-default\" data-id=\"208c0dd\" data-element_type=\"section\" data-settings=\"{&quot;stretch_section&quot;:&quot;section-stretched&quot;,&quot;background_background&quot;:&quot;classic&quot;}\">\n\t\t\t\t\t\t<div class=\"elementor-container elementor-column-gap-default\">\n\t\t\t\t\t<div class=\"elementor-column elementor-col-100 elementor-top-column elementor-element elementor-element-0c58741\" data-id=\"0c58741\" data-element_type=\"column\">\n\t\t\t<div class=\"elementor-widget-wrap elementor-element-populated\">\n\t\t\t\t\t\t<div class=\"elementor-element elementor-element-6222849 elementor-widget elementor-widget-spacer\" data-id=\"6222849\" data-element_type=\"widget\" data-widget_type=\"spacer.default\">\n\t\t\t\t<div class=\"elementor-widget-container\">\n\t\t\t\t\t<div class=\"elementor-spacer\">\n\t\t\t<div class=\"elementor-spacer-inner\"><\/div>\n\t\t<\/div>\n\t\t\t\t<\/div>\n\t\t\t\t<\/div>\n\t\t\t\t<div class=\"elementor-element elementor-element-c7bbd55 elementor-widget elementor-widget-bdt-advanced-heading\" data-id=\"c7bbd55\" data-element_type=\"widget\" data-widget_type=\"bdt-advanced-heading.default\">\n\t\t\t\t<div class=\"elementor-widget-container\">\n\t\t\t<div id =\"c7bbd55\" class=\"bdt-advanced-heading\" data-settings=\"{&quot;titleMultiColor&quot;:&quot;no&quot;}\"><div class=\"bdt-sub-heading\"><div class=\"bdt-sub-heading-content\">OUR TEAM<\/div><div class=\"line bdt-button-icon-align-left\"><\/div><\/div> <h2 class=\"bdt-heading-title\"><\/h2><\/div>\t\t<\/div>\n\t\t\t\t<\/div>\n\t\t\t\t<div class=\"elementor-element elementor-element-e8f20c9 elementor-widget elementor-widget-bdt-advanced-heading\" data-id=\"e8f20c9\" data-element_type=\"widget\" data-widget_type=\"bdt-advanced-heading.default\">\n\t\t\t\t<div class=\"elementor-widget-container\">\n\t\t\t<div id =\"e8f20c9\" class=\"bdt-advanced-heading\" data-settings=\"{&quot;titleMultiColor&quot;:&quot;no&quot;}\"><div class=\"bdt-sub-heading\"><div class=\"bdt-sub-heading-content\">Better future with<\/div><\/div> <h2 class=\"bdt-heading-title\"><span class=\"bdt-main-heading\"><span class=\"bdt-main-heading-inner\">AMLTHINK Team<\/span><\/span><\/h2><\/div>\t\t<\/div>\n\t\t\t\t<\/div>\n\t\t\t\t<div class=\"elementor-element elementor-element-92ae477 elementor-widget elementor-widget-text-editor\" data-id=\"92ae477\" data-element_type=\"widget\" data-widget_type=\"text-editor.default\">\n\t\t\t\t<div class=\"elementor-widget-container\">\n\t\t\t\t\t\t\tExperience an effective and distinctive professional process with AMLTHINK's solution-oriented consulting services and become one of the leading examples of reputation, good practice, and legal compliance in your industry.\t\t\t\t\t\t<\/div>\n\t\t\t\t<\/div>\n\t\t\t\t<div class=\"elementor-element elementor-element-a42777b elementor-widget elementor-widget-spacer\" data-id=\"a42777b\" data-element_type=\"widget\" data-widget_type=\"spacer.default\">\n\t\t\t\t<div class=\"elementor-widget-container\">\n\t\t\t\t\t<div class=\"elementor-spacer\">\n\t\t\t<div class=\"elementor-spacer-inner\"><\/div>\n\t\t<\/div>\n\t\t\t\t<\/div>\n\t\t\t\t<\/div>\n\t\t\t\t<div class=\"elementor-element elementor-element-9f075f2 elementor-widget elementor-widget-bdt-advanced-heading\" data-id=\"9f075f2\" data-element_type=\"widget\" data-widget_type=\"bdt-advanced-heading.default\">\n\t\t\t\t<div class=\"elementor-widget-container\">\n\t\t\t<div id =\"9f075f2\" class=\"bdt-advanced-heading\" data-settings=\"{&quot;titleMultiColor&quot;:&quot;no&quot;}\"><div class=\"bdt-sub-heading\"><div class=\"bdt-sub-heading-content\">OUR TEAM<\/div><div class=\"line bdt-button-icon-align-left\"><\/div><\/div> <h2 class=\"bdt-heading-title\"><\/h2><\/div>\t\t<\/div>\n\t\t\t\t<\/div>\n\t\t\t\t<div class=\"elementor-element elementor-element-cd4113e elementor-widget elementor-widget-bdt-advanced-heading\" data-id=\"cd4113e\" data-element_type=\"widget\" data-widget_type=\"bdt-advanced-heading.default\">\n\t\t\t\t<div class=\"elementor-widget-container\">\n\t\t\t<div id =\"cd4113e\" class=\"bdt-advanced-heading\" data-settings=\"{&quot;titleMultiColor&quot;:&quot;no&quot;}\"><div class=\"bdt-sub-heading\"><div class=\"bdt-sub-heading-content\">Executive<\/div><\/div> <h2 class=\"bdt-heading-title\"><span class=\"bdt-main-heading\"><span class=\"bdt-main-heading-inner\">Staff<\/span><\/span><\/h2><\/div>\t\t<\/div>\n\t\t\t\t<\/div>\n\t\t\t\t<div class=\"elementor-element elementor-element-94cb9d8 elementor-widget elementor-widget-text-editor\" data-id=\"94cb9d8\" data-element_type=\"widget\" data-widget_type=\"text-editor.default\">\n\t\t\t\t<div class=\"elementor-widget-container\">\n\t\t\t\t\t\t\t Our AML experts and lawyers, who have more than 20 years of experience in AML operational, academic and strategic matters, combine their professionalism with AMLTHINK's solutions to provide you with tailored advisory support every step of the way. \t\t\t\t\t\t<\/div>\n\t\t\t\t<\/div>\n\t\t\t\t<section class=\"elementor-section elementor-inner-section elementor-element elementor-element-6688d46 elementor-section-boxed elementor-section-height-default elementor-section-height-default\" data-id=\"6688d46\" data-element_type=\"section\">\n\t\t\t\t\t\t<div class=\"elementor-container elementor-column-gap-default\">\n\t\t\t\t\t<div class=\"elementor-column elementor-col-33 elementor-inner-column elementor-element elementor-element-9752023\" data-id=\"9752023\" data-element_type=\"column\">\n\t\t\t<div class=\"elementor-widget-wrap elementor-element-populated\">\n\t\t\t\t\t\t<div class=\"elementor-element elementor-element-b6610ef elementor-widget elementor-widget-bdt-member\" data-id=\"b6610ef\" data-element_type=\"widget\" data-widget_type=\"bdt-member.bdt-band\">\n\t\t\t\t<div class=\"elementor-widget-container\">\n\t\t\t\r\n\t\t<div class=\"bdt-member bdt-member-skin-band bdt-transition-toggle\">\t\r\n            <div class=\"bdt-member-item-wrapper\">\r\n                    \r\n                    <div class=\"bdt-member-photo-wrapper bdt-image-mask\">\r\n    \r\n                            \r\n                        <div class=\"bdt-member-photo\">\r\n                            <div class=\"\">\r\n                                <img src=\"https:\/\/mlso3a0oamy6.i.optimole.com\/cb:ebGu~4f837\/w:306\/h:306\/q:mauto\/f:best\/ig:avif\/https:\/\/amlthink.com\/wp-content\/uploads\/2022\/08\/BW_Inonu_Akgun_Alp.png\" title=\"Inonu Akgun Alp\" alt=\"Inonu Akgun Alp\" loading=\"lazy\" \/>                            <\/div>\r\n                        <\/div>\r\n    \r\n                                                \r\n                                                <div class=\"bdt-member-icons\">\r\n                                                            \r\n                                <a href=\"https:\/\/www.linkedin.com\/in\/inonu-akgun-alp-966194210\/\" class=\"bdt-member-icon elementor-repeater-item-a6ab890\" target=\"_blank\" title=\"Linkedin\" data-bdt-tooltip>\r\n    \r\n                                    <i aria-hidden=\"true\" class=\"fa-fw fab fa-linkedin-in\"><\/i>    \r\n                                <\/a>\r\n                                                            \r\n                                <a href=\"https:\/\/amlthink.com\/en\/inonu-akgun-alp\/\" class=\"bdt-member-icon elementor-repeater-item-cabf2e4\" target=\"_blank\" title=\"CV\" data-bdt-tooltip>\r\n    \r\n                                    <i aria-hidden=\"true\" class=\"fa-fw far fa-address-book\"><\/i>    \r\n                                <\/a>\r\n                                                    <\/div>\r\n                            \r\n                    <\/div>\r\n                                \r\n                <div class=\"bdt-member-description\">\r\n                                            <span class=\"bdt-member-name\">\u0130n\u00f6n\u00fc Akg\u00fcn ALP<\/span>\r\n                                                                <span class=\"bdt-member-role\">CEO, Compliance<\/span>\r\n                                                                <div class=\"bdt-member-text bdt-content-wrap\">ALP graduated from Hacettepe University Finance Department in 1998 and joined the Turkish FIU (MASAK) the same year, where he served as an AML expert, department head, and finally as Vice President. ALP has participated in many national and international AML\/CFT projects and has been involved in training and inspection activities during his 2o-year MASAK career.<\/div>\r\n                                    <\/div>\r\n            <\/div>\r\n\t\t<\/div>\r\n\t\t\t\t<\/div>\n\t\t\t\t<\/div>\n\t\t\t\t\t<\/div>\n\t\t<\/div>\n\t\t\t\t<div class=\"elementor-column elementor-col-33 elementor-inner-column elementor-element elementor-element-7914166\" data-id=\"7914166\" data-element_type=\"column\">\n\t\t\t<div class=\"elementor-widget-wrap elementor-element-populated\">\n\t\t\t\t\t\t<div class=\"elementor-element elementor-element-b458e7c elementor-widget elementor-widget-bdt-member\" data-id=\"b458e7c\" data-element_type=\"widget\" data-widget_type=\"bdt-member.bdt-band\">\n\t\t\t\t<div class=\"elementor-widget-container\">\n\t\t\t\r\n\t\t<div class=\"bdt-member bdt-member-skin-band bdt-transition-toggle\">\t\r\n            <div class=\"bdt-member-item-wrapper\">\r\n                    \r\n                    <div class=\"bdt-member-photo-wrapper bdt-image-mask\">\r\n    \r\n                            \r\n                        <div class=\"bdt-member-photo\">\r\n                            <div class=\"\">\r\n                                <img src=\"https:\/\/mlso3a0oamy6.i.optimole.com\/cb:ebGu~4f837\/w:306\/h:306\/q:mauto\/f:best\/ig:avif\/https:\/\/amlthink.com\/wp-content\/uploads\/2022\/08\/BW_Yucel_Karatas_2.png\" title=\"Y\u00fccel KARATA\u015e\" alt=\"Y\u00fccel KARATA\u015e\" loading=\"lazy\" \/>                            <\/div>\r\n                        <\/div>\r\n    \r\n                                                \r\n                                                <div class=\"bdt-member-icons\">\r\n                                                            \r\n                                <a href=\"https:\/\/www.linkedin.com\/in\/yucelkaratas\/\" class=\"bdt-member-icon elementor-repeater-item-a6ab890\" target=\"_blank\" title=\"Linkedin\" data-bdt-tooltip>\r\n    \r\n                                    <i aria-hidden=\"true\" class=\"fa-fw fab fa-linkedin-in\"><\/i>    \r\n                                <\/a>\r\n                                                    <\/div>\r\n                            \r\n                    <\/div>\r\n                                \r\n                <div class=\"bdt-member-description\">\r\n                                            <span class=\"bdt-member-name\">Y\u00fccel KARATA\u015e<\/span>\r\n                                                                <span class=\"bdt-member-role\">CTO, IT<\/span>\r\n                                                                <div class=\"bdt-member-text bdt-content-wrap\">2009 y\u0131l\u0131nda \u00c7ankaya \u00dcniversitesi Bilgisayar M\u00fchendisli\u011finden mezun olan KARATA\u015e, Letonya\u2019da Accenture, \u0130sve\u00e7\u2019te Ericsson, \u00c7ek Cumhuriyeti\u2019nde Infor b\u00fcnyesinde, uluslararas\u0131 finansal kurumlar\u0131n uyum birimlerine AML senaryolar\u0131 ve KYC s\u00fcre\u00e7leri kapsam\u0131nda k\u0131demli bilgisayar m\u00fchendisi ve tak\u0131m lideri olarak teknik dan\u0131\u015fmanl\u0131k vermi\u015ftir.<\/div>\r\n                                    <\/div>\r\n            <\/div>\r\n\t\t<\/div>\r\n\t\t\t\t<\/div>\n\t\t\t\t<\/div>\n\t\t\t\t\t<\/div>\n\t\t<\/div>\n\t\t\t\t<div class=\"elementor-column elementor-col-33 elementor-inner-column elementor-element elementor-element-719e5aa\" data-id=\"719e5aa\" data-element_type=\"column\">\n\t\t\t<div class=\"elementor-widget-wrap elementor-element-populated\">\n\t\t\t\t\t\t<div class=\"elementor-element elementor-element-2aab882 elementor-widget elementor-widget-bdt-member\" data-id=\"2aab882\" data-element_type=\"widget\" data-widget_type=\"bdt-member.bdt-band\">\n\t\t\t\t<div class=\"elementor-widget-container\">\n\t\t\t\r\n\t\t<div class=\"bdt-member bdt-member-skin-band bdt-transition-toggle\">\t\r\n            <div class=\"bdt-member-item-wrapper\">\r\n                    \r\n                    <div class=\"bdt-member-photo-wrapper bdt-image-mask\">\r\n    \r\n                            \r\n                        <div class=\"bdt-member-photo\">\r\n                            <div class=\"\">\r\n                                <img src=\"https:\/\/mlso3a0oamy6.i.optimole.com\/cb:ebGu~4f837\/w:306\/h:306\/q:mauto\/f:best\/ig:avif\/https:\/\/amlthink.com\/wp-content\/uploads\/2022\/08\/BW_Kevser_Sozmen_Alp.png\" title=\"Kevser S\u00d6ZMEN ALP\" alt=\"Kevser S\u00d6ZMEN ALP\" loading=\"lazy\" \/>                            <\/div>\r\n                        <\/div>\r\n    \r\n                                                \r\n                                                <div class=\"bdt-member-icons\">\r\n                                                            \r\n                                <a href=\"https:\/\/www.linkedin.com\/in\/kevser-s\u00f6zmen-alp-25aba9245\/\" class=\"bdt-member-icon elementor-repeater-item-a6ab890\" target=\"_blank\" title=\"Linkedin\" data-bdt-tooltip>\r\n    \r\n                                    <i aria-hidden=\"true\" class=\"fa-fw fab fa-linkedin-in\"><\/i>    \r\n                                <\/a>\r\n                                                    <\/div>\r\n                            \r\n                    <\/div>\r\n                                \r\n                <div class=\"bdt-member-description\">\r\n                                            <span class=\"bdt-member-name\">Kevser S\u00d6ZMEN ALP<\/span>\r\n                                                                <span class=\"bdt-member-role\">Head of Compliance<\/span>\r\n                                                                <div class=\"bdt-member-text bdt-content-wrap\">1999 y\u0131l\u0131nda Hacettepe \u00dcniversitesi Maliye b\u00f6l\u00fcm\u00fcnden Onur Derecesi ile mezun olan S\u00d6ZMEN ALP, ayn\u0131 y\u0131l MASAK\u2019a girmi\u015f ve MASAK\u2019ta aklama ve ter\u00f6r\u00fcn finansman\u0131 konular\u0131nda analiz \u00e7al\u0131\u015fmalar\u0131 y\u00fcr\u00fctm\u00fc\u015f, e\u011fitim ve denetim faaliyetlerine kat\u0131lm\u0131\u015ft\u0131r. Ter\u00f6r\u00fcn Finansman\u0131 ile ilgili kitab\u0131 bulunan S\u00d6ZMEN ALP, Mart 2022\u2019de kendi talebiyle kamu g\u00f6revinden ayr\u0131l\u0131p AMLTHINK b\u00fcnyesinde \u00e7al\u0131\u015fmaya ba\u015flam\u0131\u015ft\u0131r.<\/div>\r\n                                    <\/div>\r\n            <\/div>\r\n\t\t<\/div>\r\n\t\t\t\t<\/div>\n\t\t\t\t<\/div>\n\t\t\t\t\t<\/div>\n\t\t<\/div>\n\t\t\t\t\t<\/div>\n\t\t<\/section>\n\t\t\t\t<div class=\"elementor-element elementor-element-8647d76 elementor-widget elementor-widget-spacer\" data-id=\"8647d76\" data-element_type=\"widget\" data-widget_type=\"spacer.default\">\n\t\t\t\t<div class=\"elementor-widget-container\">\n\t\t\t\t\t<div class=\"elementor-spacer\">\n\t\t\t<div class=\"elementor-spacer-inner\"><\/div>\n\t\t<\/div>\n\t\t\t\t<\/div>\n\t\t\t\t<\/div>\n\t\t\t\t\t<\/div>\n\t\t<\/div>\n\t\t\t\t\t<\/div>\n\t\t<\/section>\n\t\t\t\t<\/div>","protected":false},"excerpt":{"rendered":"<p>EK\u0130B\u0130M\u0130Z Her zaman Bir ad\u0131m \u00f6nde olun AMLTHINK\u2019in sa\u011flad\u0131\u011f\u0131 \u00e7\u00f6z\u00fcm odakl\u0131 dan\u0131\u015fmanl\u0131k hizmeti ile etkin ve fark yaratan profesyonel bir s\u00fcre\u00e7 deneyimi ya\u015fay\u0131n ve sekt\u00f6r\u00fcn\u00fczde itibar, iyi uygulama ve yasal uyum konusunda lider \u00f6rneklerden biri olun. EK\u0130B\u0130M\u0130Z Y\u00f6netici Kadromuz AML alan\u0131nda operasyonel, akademik ve stratejik konularda 20 y\u0131l\u0131 a\u015fk\u0131n deneyime sahip AML uzmanlar\u0131m\u0131z ve hukuk\u00e7ular\u0131m\u0131z, [&hellip;]<\/p>","protected":false},"author":1,"featured_media":0,"parent":0,"menu_order":0,"comment_status":"closed","ping_status":"closed","template":"elementor_header_footer","meta":[],"_links":{"self":[{"href":"https:\/\/amlthink.com\/en\/wp-json\/wp\/v2\/pages\/357"}],"collection":[{"href":"https:\/\/amlthink.com\/en\/wp-json\/wp\/v2\/pages"}],"about":[{"href":"https:\/\/amlthink.com\/en\/wp-json\/wp\/v2\/types\/page"}],"author":[{"embeddable":true,"href":"https:\/\/amlthink.com\/en\/wp-json\/wp\/v2\/users\/1"}],"replies":[{"embeddable":true,"href":"https:\/\/amlthink.com\/en\/wp-json\/wp\/v2\/comments?post=357"}],"version-history":[{"count":100,"href":"https:\/\/amlthink.com\/en\/wp-json\/wp\/v2\/pages\/357\/revisions"}],"predecessor-version":[{"id":2348,"href":"https:\/\/amlthink.com\/en\/wp-json\/wp\/v2\/pages\/357\/revisions\/2348"}],"wp:attachment":[{"href":"https:\/\/amlthink.com\/en\/wp-json\/wp\/v2\/media?parent=357"}],"curies":[{"name":"wp","href":"https:\/\/api.w.org\/{rel}","templated":true}]}}