{"id":424,"date":"2020-06-30T20:32:02","date_gmt":"2020-06-30T20:32:02","guid":{"rendered":"https:\/\/amlthink.com\/?page_id=424"},"modified":"2022-08-13T12:30:20","modified_gmt":"2022-08-13T12:30:20","slug":"metodolojimiz","status":"publish","type":"page","link":"https:\/\/amlthink.com\/en\/metodolojimiz\/","title":{"rendered":"Our Approach"},"content":{"rendered":"<div data-elementor-type=\"wp-post\" data-elementor-id=\"424\" class=\"elementor elementor-424\" data-elementor-post-type=\"page\">\n\t\t\t\t\t\t<section class=\"elementor-section elementor-top-section elementor-element elementor-element-39c87b5 elementor-section-full_width elementor-section-height-min-height elementor-section-height-default elementor-section-items-middle\" data-id=\"39c87b5\" data-element_type=\"section\" data-settings=\"{&quot;background_background&quot;:&quot;classic&quot;}\" data-no-translation=\"\">\n\t\t\t\t\t\t<div class=\"elementor-container elementor-column-gap-no\">\n\t\t\t\t\t<div class=\"elementor-column elementor-col-100 elementor-top-column elementor-element elementor-element-78ede99\" data-id=\"78ede99\" data-element_type=\"column\">\n\t\t\t<div class=\"elementor-widget-wrap\">\n\t\t\t\t\t\t\t<\/div>\n\t\t<\/div>\n\t\t\t\t\t<\/div>\n\t\t<\/section>\n\t\t              <div data-parallax-id=\"bdt_scene2b42250\"\r\n                   id=\"bdt_scene2b42250\" class=\"parallax-scene\">\r\n                                        \r\n                      \r\n                    <div data-depth=\"0.1\"\r\n                         class=\"bdt-scene-item\" style=\"background-position-x: 50%; background-position-y: 50%; background-size: cover;\"><\/div>\r\n                  \r\n                                <\/div>\r\n                \r\n                \t\t<section class=\"has-bdt-parallax elementor-section elementor-top-section elementor-element elementor-element-2b42250 elementor-section-stretched elementor-section-full_width elementor-section-height-default elementor-section-height-default\" data-id=\"2b42250\" data-element_type=\"section\" data-settings=\"{&quot;stretch_section&quot;:&quot;section-stretched&quot;,&quot;background_background&quot;:&quot;classic&quot;}\">\n\t\t\t\t\t\t<div class=\"elementor-container elementor-column-gap-default\">\n\t\t\t\t\t<div class=\"elementor-column elementor-col-100 elementor-top-column elementor-element elementor-element-42db84d\" data-id=\"42db84d\" data-element_type=\"column\">\n\t\t\t<div class=\"elementor-widget-wrap elementor-element-populated\">\n\t\t\t\t\t\t<div class=\"elementor-element elementor-element-f9c84d2 elementor-widget elementor-widget-spacer\" data-id=\"f9c84d2\" data-element_type=\"widget\" data-widget_type=\"spacer.default\">\n\t\t\t\t<div class=\"elementor-widget-container\">\n\t\t\t\t\t<div class=\"elementor-spacer\">\n\t\t\t<div class=\"elementor-spacer-inner\"><\/div>\n\t\t<\/div>\n\t\t\t\t<\/div>\n\t\t\t\t<\/div>\n\t\t\t\t<div class=\"elementor-element elementor-element-7b35978 elementor-widget elementor-widget-bdt-advanced-heading\" data-id=\"7b35978\" data-element_type=\"widget\" data-widget_type=\"bdt-advanced-heading.default\">\n\t\t\t\t<div class=\"elementor-widget-container\">\n\t\t\t<div id =\"7b35978\" class=\"bdt-advanced-heading\" data-settings=\"{&quot;titleMultiColor&quot;:&quot;no&quot;}\"><div class=\"bdt-sub-heading\"><div class=\"bdt-sub-heading-content\">EXCELLENCE IN BUSINESS<\/div><div class=\"line bdt-button-icon-align-left\"><\/div><\/div> <h2 class=\"bdt-heading-title\"><\/h2><\/div>\t\t<\/div>\n\t\t\t\t<\/div>\n\t\t\t\t<div class=\"elementor-element elementor-element-f2cdc2e elementor-widget elementor-widget-bdt-advanced-heading\" data-id=\"f2cdc2e\" data-element_type=\"widget\" data-widget_type=\"bdt-advanced-heading.default\">\n\t\t\t\t<div class=\"elementor-widget-container\">\n\t\t\t<div id =\"f2cdc2e\" class=\"bdt-advanced-heading\" data-settings=\"{&quot;titleMultiColor&quot;:&quot;no&quot;}\"><div class=\"bdt-sub-heading\"><div class=\"bdt-sub-heading-content\">Our Approach<\/div><\/div> <h2 class=\"bdt-heading-title\"><span class=\"bdt-main-heading\"><span class=\"bdt-main-heading-inner\">AMLTHINK Methodology<\/span><\/span><\/h2><\/div>\t\t<\/div>\n\t\t\t\t<\/div>\n\t\t\t\t<div class=\"elementor-element elementor-element-13c15b3 elementor-widget elementor-widget-text-editor\" data-id=\"13c15b3\" data-element_type=\"widget\" data-widget_type=\"text-editor.default\">\n\t\t\t\t<div class=\"elementor-widget-container\">\n\t\t\t\t\t\t\t As AMLTHINK we follow a systematic and transparent process. We review your processes and act on the principle of achieving qualified and measurable results. Through our services focused on continuous improvement and development, we reinforce the consulting support you need with a practical and solution-oriented methodology. \t\t\t\t\t\t<\/div>\n\t\t\t\t<\/div>\n\t\t\t\t<section class=\"elementor-section elementor-inner-section elementor-element elementor-element-f1eec42 elementor-section-full_width elementor-section-height-default elementor-section-height-default\" data-id=\"f1eec42\" data-element_type=\"section\">\n\t\t\t\t\t\t<div class=\"elementor-container elementor-column-gap-default\">\n\t\t\t\t\t<div class=\"elementor-column elementor-col-33 elementor-inner-column elementor-element elementor-element-89b91ed\" data-id=\"89b91ed\" data-element_type=\"column\">\n\t\t\t<div class=\"elementor-widget-wrap elementor-element-populated\">\n\t\t\t\t\t\t<div class=\"elementor-element elementor-element-702fc02 elementor-widget elementor-widget-image\" data-id=\"702fc02\" data-element_type=\"widget\" data-widget_type=\"image.default\">\n\t\t\t\t<div class=\"elementor-widget-container\">\n\t\t\t\t\t\t\t\t\t\t\t\t\t<img fetchpriority=\"high\" width=\"1875\" height=\"750\" src=\"https:\/\/mlso3a0oamy6.i.optimole.com\/cb:ebGu~4f837\/w:1536\/h:614\/q:mauto\/f:best\/ig:avif\/https:\/\/amlthink.com\/wp-content\/uploads\/2020\/09\/AML_Yazilim_Danismanligi.png\" class=\"attachment-1536x1536 size-1536x1536 wp-image-609\" alt=\"\" srcset=\"https:\/\/mlso3a0oamy6.i.optimole.com\/cb:ebGu~4f837\/w:1875\/h:750\/q:mauto\/f:best\/ig:avif\/https:\/\/amlthink.com\/wp-content\/uploads\/2020\/09\/AML_Yazilim_Danismanligi.png 1875w, https:\/\/mlso3a0oamy6.i.optimole.com\/cb:ebGu~4f837\/w:300\/h:120\/q:mauto\/f:best\/ig:avif\/https:\/\/amlthink.com\/wp-content\/uploads\/2020\/09\/AML_Yazilim_Danismanligi.png 300w, https:\/\/mlso3a0oamy6.i.optimole.com\/cb:ebGu~4f837\/w:1024\/h:410\/q:mauto\/f:best\/ig:avif\/https:\/\/amlthink.com\/wp-content\/uploads\/2020\/09\/AML_Yazilim_Danismanligi.png 1024w, https:\/\/mlso3a0oamy6.i.optimole.com\/cb:ebGu~4f837\/w:768\/h:307\/q:mauto\/f:best\/ig:avif\/https:\/\/amlthink.com\/wp-content\/uploads\/2020\/09\/AML_Yazilim_Danismanligi.png 768w, https:\/\/mlso3a0oamy6.i.optimole.com\/cb:ebGu~4f837\/w:1536\/h:614\/q:mauto\/f:best\/ig:avif\/https:\/\/amlthink.com\/wp-content\/uploads\/2020\/09\/AML_Yazilim_Danismanligi.png 1536w\" sizes=\"(max-width: 800px) 100vw, 800px\" \/>\t\t\t\t\t\t\t\t\t\t\t\t\t<\/div>\n\t\t\t\t<\/div>\n\t\t\t\t<div class=\"elementor-element elementor-element-9aaa579 elementor-widget elementor-widget-progress\" data-id=\"9aaa579\" data-element_type=\"widget\" data-widget_type=\"progress.default\">\n\t\t\t\t<div class=\"elementor-widget-container\">\n\t\t\t\t\t\t<span class=\"elementor-title\" id=\"elementor-progress-bar-9aaa579\">\n\t\t\t\t Customer Satisfaction\t\t\t<\/span>\n\t\t\n\t\t<div aria-labelledby=\"elementor-progress-bar-9aaa579\" class=\"elementor-progress-wrapper progress-success\" role=\"progressbar\" aria-valuemin=\"0\" aria-valuemax=\"100\" aria-valuenow=\"95\">\n\t\t\t<div class=\"elementor-progress-bar\" data-max=\"95\">\n\t\t\t\t<span class=\"elementor-progress-text\"><\/span>\n\t\t\t\t\t\t\t<\/div>\n\t\t<\/div>\n\t\t\t\t<\/div>\n\t\t\t\t<\/div>\n\t\t\t\t<div class=\"elementor-element elementor-element-a0f4f2a elementor-widget elementor-widget-progress\" data-id=\"a0f4f2a\" data-element_type=\"widget\" data-widget_type=\"progress.default\">\n\t\t\t\t<div class=\"elementor-widget-container\">\n\t\t\t\t\t\t<span class=\"elementor-title\" id=\"elementor-progress-bar-a0f4f2a\">\n\t\t\t\tPrecise Calculation\t\t\t<\/span>\n\t\t\n\t\t<div aria-labelledby=\"elementor-progress-bar-a0f4f2a\" class=\"elementor-progress-wrapper progress-success\" role=\"progressbar\" aria-valuemin=\"0\" aria-valuemax=\"100\" aria-valuenow=\"93\">\n\t\t\t<div class=\"elementor-progress-bar\" data-max=\"93\">\n\t\t\t\t<span class=\"elementor-progress-text\"><\/span>\n\t\t\t\t\t\t\t<\/div>\n\t\t<\/div>\n\t\t\t\t<\/div>\n\t\t\t\t<\/div>\n\t\t\t\t<div class=\"elementor-element elementor-element-7df5afa elementor-widget elementor-widget-progress\" data-id=\"7df5afa\" data-element_type=\"widget\" data-widget_type=\"progress.default\">\n\t\t\t\t<div class=\"elementor-widget-container\">\n\t\t\t\t\t\t<span class=\"elementor-title\" id=\"elementor-progress-bar-7df5afa\">\n\t\t\t\tProjects Success\t\t\t<\/span>\n\t\t\n\t\t<div aria-labelledby=\"elementor-progress-bar-7df5afa\" class=\"elementor-progress-wrapper progress-success\" role=\"progressbar\" aria-valuemin=\"0\" aria-valuemax=\"100\" aria-valuenow=\"92\">\n\t\t\t<div class=\"elementor-progress-bar\" data-max=\"92\">\n\t\t\t\t<span class=\"elementor-progress-text\"><\/span>\n\t\t\t\t\t\t\t<\/div>\n\t\t<\/div>\n\t\t\t\t<\/div>\n\t\t\t\t<\/div>\n\t\t\t\t\t<\/div>\n\t\t<\/div>\n\t\t\t\t<div class=\"elementor-column elementor-col-33 elementor-inner-column elementor-element elementor-element-c3d2ef0\" data-id=\"c3d2ef0\" data-element_type=\"column\">\n\t\t\t<div class=\"elementor-widget-wrap elementor-element-populated\">\n\t\t\t\t\t\t<div class=\"elementor-element elementor-element-a133ed5 elementor-widget elementor-widget-text-editor\" data-id=\"a133ed5\" data-element_type=\"widget\" data-widget_type=\"text-editor.default\">\n\t\t\t\t<div class=\"elementor-widget-container\">\n\t\t\t\t\t\t\t<p>With our team of experts with more than 20 years of experience and our solutions, we provide AML, compliance, and risk consulting for clients of all industries and sizes.<\/p><p>We make the difference in consulting with our team's unparalleled experience in the fight against financial crimes and law and national and international AML projects.<\/p><p>We provide technical support and expert knowledge to all our customers under the assurance of the AMLTHINK system.<\/p><p>We provide consultancy services with qualified and measurable results in identifying and meeting the needs of our clients from all sectors based on our knowledge, experience, and foresight skills derived from close monitoring of current legislation, implementation, risk factors, and crime trends.<\/p>\t\t\t\t\t\t<\/div>\n\t\t\t\t<\/div>\n\t\t\t\t\t<\/div>\n\t\t<\/div>\n\t\t\t\t<div class=\"elementor-column elementor-col-33 elementor-inner-column elementor-element elementor-element-52921a6\" data-id=\"52921a6\" data-element_type=\"column\">\n\t\t\t<div class=\"elementor-widget-wrap elementor-element-populated\">\n\t\t\t\t\t\t<div class=\"elementor-element elementor-element-c576b86 elementor-widget elementor-widget-text-editor\" data-id=\"c576b86\" data-element_type=\"widget\" data-widget_type=\"text-editor.default\">\n\t\t\t\t<div class=\"elementor-widget-container\">\n\t\t\t\t\t\t\t<p>Full alignment with AML compliance programs under regulatory obligations requires a complete process. <br><br>To achieve this, practitioners, lawyers, technical experts, and statisticians should form a team where they speak the same language, present the SWAT analysis accurately and clearly, and develop proposed solutions.<\/p><p>To our clients who are in the application phase of the subject, we offer the knowledge and solution-oriented support of the other power elements of the team, with precise calculation of costs and correct methodologies.<\/p><p>In our service process, which we provide with a customer-focused, sincere and professional approach, we strive for excellence and we look forward to assisting you every step of the way.<\/p>\t\t\t\t\t\t<\/div>\n\t\t\t\t<\/div>\n\t\t\t\t\t<\/div>\n\t\t<\/div>\n\t\t\t\t\t<\/div>\n\t\t<\/section>\n\t\t\t\t<div class=\"elementor-element elementor-element-684e80d elementor-widget elementor-widget-spacer\" data-id=\"684e80d\" data-element_type=\"widget\" data-widget_type=\"spacer.default\">\n\t\t\t\t<div class=\"elementor-widget-container\">\n\t\t\t\t\t<div class=\"elementor-spacer\">\n\t\t\t<div class=\"elementor-spacer-inner\"><\/div>\n\t\t<\/div>\n\t\t\t\t<\/div>\n\t\t\t\t<\/div>\n\t\t\t\t<div class=\"elementor-element elementor-element-e18122c elementor-widget elementor-widget-bdt-advanced-heading\" data-id=\"e18122c\" data-element_type=\"widget\" data-widget_type=\"bdt-advanced-heading.default\">\n\t\t\t\t<div class=\"elementor-widget-container\">\n\t\t\t<div id =\"e18122c\" class=\"bdt-advanced-heading\" data-settings=\"{&quot;titleMultiColor&quot;:&quot;no&quot;}\"><div class=\"bdt-sub-heading\"><div class=\"bdt-sub-heading-content\">We do know<\/div><\/div> <h2 class=\"bdt-heading-title\"><span class=\"bdt-main-heading\"><span class=\"bdt-main-heading-inner\">The Problems &amp; Solutions<\/span><\/span><\/h2><\/div>\t\t<\/div>\n\t\t\t\t<\/div>\n\t\t\t\t<div class=\"elementor-element elementor-element-3ab1d62 elementor-widget elementor-widget-text-editor\" data-id=\"3ab1d62\" data-element_type=\"widget\" data-widget_type=\"text-editor.default\">\n\t\t\t\t<div class=\"elementor-widget-container\">\n\t\t\t\t\t\t\t<p>AMLTHINK professionals have real-world experience implementing AML compliance and have an extensive background in AML, sanctions, and compliance. Our team's experience includes analyzing domestic and international money laundering cases, developing and implementing national AML regulations, and developing responses to compliance requirements. We understand the areas of practical concern and share our suggestions for implementing the right solutions quickly.<\/p>\t\t\t\t\t\t<\/div>\n\t\t\t\t<\/div>\n\t\t\t\t<div class=\"elementor-element elementor-element-d659ed0 elementor-widget elementor-widget-bdt-advanced-heading\" data-id=\"d659ed0\" data-element_type=\"widget\" data-widget_type=\"bdt-advanced-heading.default\">\n\t\t\t\t<div class=\"elementor-widget-container\">\n\t\t\t<div id =\"d659ed0\" class=\"bdt-advanced-heading\" data-settings=\"{&quot;titleMultiColor&quot;:&quot;no&quot;}\"><div class=\"bdt-sub-heading\"><div class=\"bdt-sub-heading-content\">AMLTHINK<\/div><\/div> <h2 class=\"bdt-heading-title\"><span class=\"bdt-main-heading\"><span class=\"bdt-main-heading-inner\">Compliance Quality Assurance <\/span><\/span><\/h2><\/div>\t\t<\/div>\n\t\t\t\t<\/div>\n\t\t\t\t<div class=\"elementor-element elementor-element-b7762d3 elementor-widget elementor-widget-text-editor\" data-id=\"b7762d3\" data-element_type=\"widget\" data-widget_type=\"text-editor.default\">\n\t\t\t\t<div class=\"elementor-widget-container\">\n\t\t\t\t\t\t\t<p>Under the AMLTHINK Compliance Quality Assurance System we provide technical and professional support to all our customers.<\/p><p>Because of our knowledge, experience, and ability to anticipate, derived from close monitoring of current legislation, practices, risk factors, and crime trends, we provide services with qualified and measurable results in identifying and meeting the needs of our clients from all sectors.<\/p><p>Fully aligning with AML compliance programs within your risk and regulatory obligations requires a comprehensive process. We provide our clients with the knowledge and solution-oriented support of the other performance elements of the team in accurately calculating costs and the right methodology.<\/p><p>In our quality assurance process, we strive for excellence and we look forward to guiding you every step of the way.<\/p>\t\t\t\t\t\t<\/div>\n\t\t\t\t<\/div>\n\t\t\t\t<div class=\"elementor-element elementor-element-20241dc elementor-widget elementor-widget-spacer\" data-id=\"20241dc\" data-element_type=\"widget\" data-widget_type=\"spacer.default\">\n\t\t\t\t<div class=\"elementor-widget-container\">\n\t\t\t\t\t<div class=\"elementor-spacer\">\n\t\t\t<div class=\"elementor-spacer-inner\"><\/div>\n\t\t<\/div>\n\t\t\t\t<\/div>\n\t\t\t\t<\/div>\n\t\t\t\t<section class=\"elementor-section elementor-inner-section elementor-element elementor-element-6b679a7 elementor-section-full_width elementor-section-height-default elementor-section-height-default\" data-id=\"6b679a7\" data-element_type=\"section\">\n\t\t\t\t\t\t<div class=\"elementor-container elementor-column-gap-default\">\n\t\t\t\t\t<div class=\"elementor-column elementor-col-50 elementor-inner-column elementor-element elementor-element-ed8f155\" data-id=\"ed8f155\" data-element_type=\"column\">\n\t\t\t<div class=\"elementor-widget-wrap elementor-element-populated\">\n\t\t\t\t\t\t<div class=\"elementor-element elementor-element-24d9354 elementor-widget elementor-widget-bdt-advanced-heading\" data-id=\"24d9354\" data-element_type=\"widget\" data-widget_type=\"bdt-advanced-heading.default\">\n\t\t\t\t<div class=\"elementor-widget-container\">\n\t\t\t<div id =\"24d9354\" class=\"bdt-advanced-heading\" data-settings=\"{&quot;titleMultiColor&quot;:&quot;no&quot;}\"><div class=\"bdt-sub-heading\"><div class=\"bdt-sub-heading-content\">FEEL FREE<\/div><div class=\"line bdt-button-icon-align-left\"><\/div><\/div> <h2 class=\"bdt-heading-title\"><\/h2><\/div>\t\t<\/div>\n\t\t\t\t<\/div>\n\t\t\t\t<div class=\"elementor-element elementor-element-4a8e2b0 elementor-widget elementor-widget-bdt-advanced-heading\" data-id=\"4a8e2b0\" data-element_type=\"widget\" data-widget_type=\"bdt-advanced-heading.default\">\n\t\t\t\t<div class=\"elementor-widget-container\">\n\t\t\t<div id =\"4a8e2b0\" class=\"bdt-advanced-heading\" data-settings=\"{&quot;titleMultiColor&quot;:&quot;no&quot;}\"><div class=\"bdt-sub-heading\"><div class=\"bdt-sub-heading-content\">Contact Us With Ease<\/div><\/div> <h2 class=\"bdt-heading-title\"><span class=\"bdt-main-heading\"><span class=\"bdt-main-heading-inner\">Get in Touch<\/span><\/span><\/h2><\/div>\t\t<\/div>\n\t\t\t\t<\/div>\n\t\t\t\t<div class=\"elementor-element elementor-element-716a643 elementor-widget elementor-widget-text-editor\" data-id=\"716a643\" data-element_type=\"widget\" data-widget_type=\"text-editor.default\">\n\t\t\t\t<div class=\"elementor-widget-container\">\n\t\t\t\t\t\t\tDiscover how AMLTHINK can contribute and make a difference to your business. \t\t\t\t\t\t<\/div>\n\t\t\t\t<\/div>\n\t\t\t\t<div class=\"elementor-element elementor-element-9b6fc94 elementor-align-left elementor-tablet-align-left elementor-mobile-align-left elementor-widget elementor-widget-button\" data-id=\"9b6fc94\" data-element_type=\"widget\" data-widget_type=\"button.default\">\n\t\t\t\t<div class=\"elementor-widget-container\">\n\t\t\t\t\t<div class=\"elementor-button-wrapper\">\n\t\t\t<a class=\"elementor-button elementor-button-link elementor-size-sm\" href=\"#elementor-action:action=popup:open&settings=eyJpZCI6IjExMjMiLCJ0b2dnbGUiOmZhbHNlfQ==\">\n\t\t\t\t\t\t<span class=\"elementor-button-content-wrapper\">\n\t\t\t\t\t\t<span class=\"elementor-button-icon\">\n\t\t\t\t<i aria-hidden=\"true\" class=\"fas fa-phone-alt\"><\/i>\t\t\t<\/span>\n\t\t\t\t\t\t\t\t\t<span class=\"elementor-button-text\">Request a Call Back<\/span>\n\t\t\t\t\t<\/span>\n\t\t\t\t\t<\/a>\n\t\t<\/div>\n\t\t\t\t<\/div>\n\t\t\t\t<\/div>\n\t\t\t\t\t<\/div>\n\t\t<\/div>\n\t\t\t\t<div class=\"elementor-column elementor-col-50 elementor-inner-column elementor-element elementor-element-51efe17 elementor-hidden-tablet\" data-id=\"51efe17\" data-element_type=\"column\">\n\t\t\t<div class=\"elementor-widget-wrap elementor-element-populated\">\n\t\t\t\t\t\t<div class=\"elementor-element elementor-element-6263cb5 elementor-hidden-tablet elementor-hidden-phone elementor-widget elementor-widget-image\" data-id=\"6263cb5\" data-element_type=\"widget\" data-widget_type=\"image.default\">\n\t\t\t\t<div class=\"elementor-widget-container\">\n\t\t\t\t\t\t\t\t\t\t\t\t\t<img width=\"1237\" height=\"1469\" src=\"https:\/\/mlso3a0oamy6.i.optimole.com\/cb:ebGu~4f837\/w:909\/h:1080\/q:mauto\/f:best\/ig:avif\/https:\/\/amlthink.com\/wp-content\/uploads\/2020\/09\/img-callback.png\" class=\"attachment-medium_large size-medium_large wp-image-1013\" alt=\"\" srcset=\"https:\/\/mlso3a0oamy6.i.optimole.com\/cb:ebGu~4f837\/w:909\/h:1080\/q:mauto\/f:best\/ig:avif\/https:\/\/amlthink.com\/wp-content\/uploads\/2020\/09\/img-callback.png 1237w, https:\/\/mlso3a0oamy6.i.optimole.com\/cb:ebGu~4f837\/w:253\/h:300\/q:mauto\/f:best\/ig:avif\/https:\/\/amlthink.com\/wp-content\/uploads\/2020\/09\/img-callback.png 253w, https:\/\/mlso3a0oamy6.i.optimole.com\/cb:ebGu~4f837\/w:862\/h:1024\/q:mauto\/f:best\/ig:avif\/https:\/\/amlthink.com\/wp-content\/uploads\/2020\/09\/img-callback.png 862w, https:\/\/mlso3a0oamy6.i.optimole.com\/cb:ebGu~4f837\/w:768\/h:912\/q:mauto\/f:best\/ig:avif\/https:\/\/amlthink.com\/wp-content\/uploads\/2020\/09\/img-callback.png 768w\" sizes=\"(max-width: 800px) 100vw, 800px\" \/>\t\t\t\t\t\t\t\t\t\t\t\t\t<\/div>\n\t\t\t\t<\/div>\n\t\t\t\t\t<\/div>\n\t\t<\/div>\n\t\t\t\t\t<\/div>\n\t\t<\/section>\n\t\t\t\t<div class=\"elementor-element elementor-element-afb5f3a elementor-widget elementor-widget-spacer\" data-id=\"afb5f3a\" data-element_type=\"widget\" data-widget_type=\"spacer.default\">\n\t\t\t\t<div class=\"elementor-widget-container\">\n\t\t\t\t\t<div class=\"elementor-spacer\">\n\t\t\t<div class=\"elementor-spacer-inner\"><\/div>\n\t\t<\/div>\n\t\t\t\t<\/div>\n\t\t\t\t<\/div>\n\t\t\t\t\t<\/div>\n\t\t<\/div>\n\t\t\t\t\t<\/div>\n\t\t<\/section>\n\t\t\t\t<\/div>","protected":false},"excerpt":{"rendered":"<p>NASIL \u00c7ALI\u015eIYORUZ \u00c7al\u0131\u015fma y\u00f6ntemimiz AMLTHINK Metodolojisi AMLTHINK olarak sistematik ve \u015feffaf bir s\u00fcre\u00e7 takip ediyoruz. S\u00fcreci b\u00fct\u00fcnc\u00fcl olarak de\u011ferlendiriyor, nitelikli ve \u00f6l\u00e7\u00fclebilir sonu\u00e7 alma prensibiyle hareket ediyoruz. S\u00fcrekli iyile\u015ftirme ve geli\u015ftirme odakl\u0131 hizmetlerimiz neticesinde, ihtiyac\u0131n\u0131z olan dan\u0131\u015fmanl\u0131k deste\u011fini pratik ve \u00e7\u00f6z\u00fcm odakl\u0131 bir metodoloji ile g\u00fc\u00e7lendiriyoruz. M\u00fc\u015fteri memnuniyeti Do\u011fru maliyetlendirme Ba\u015far\u0131l\u0131 sonu\u00e7 20 y\u0131l\u0131 a\u015fk\u0131n [&hellip;]<\/p>","protected":false},"author":1,"featured_media":0,"parent":0,"menu_order":0,"comment_status":"closed","ping_status":"closed","template":"elementor_header_footer","meta":[],"_links":{"self":[{"href":"https:\/\/amlthink.com\/en\/wp-json\/wp\/v2\/pages\/424"}],"collection":[{"href":"https:\/\/amlthink.com\/en\/wp-json\/wp\/v2\/pages"}],"about":[{"href":"https:\/\/amlthink.com\/en\/wp-json\/wp\/v2\/types\/page"}],"author":[{"embeddable":true,"href":"https:\/\/amlthink.com\/en\/wp-json\/wp\/v2\/users\/1"}],"replies":[{"embeddable":true,"href":"https:\/\/amlthink.com\/en\/wp-json\/wp\/v2\/comments?post=424"}],"version-history":[{"count":45,"href":"https:\/\/amlthink.com\/en\/wp-json\/wp\/v2\/pages\/424\/revisions"}],"predecessor-version":[{"id":2253,"href":"https:\/\/amlthink.com\/en\/wp-json\/wp\/v2\/pages\/424\/revisions\/2253"}],"wp:attachment":[{"href":"https:\/\/amlthink.com\/en\/wp-json\/wp\/v2\/media?parent=424"}],"curies":[{"name":"wp","href":"https:\/\/api.w.org\/{rel}","templated":true}]}}