{"id":453,"date":"2020-06-30T22:32:19","date_gmt":"2020-06-30T22:32:19","guid":{"rendered":"https:\/\/amlthink.com\/?page_id=453"},"modified":"2022-08-13T12:37:54","modified_gmt":"2022-08-13T12:37:54","slug":"aml-uyum-karnesi","status":"publish","type":"page","link":"https:\/\/amlthink.com\/en\/aml-uyum-karnesi\/","title":{"rendered":"AML Compliance Report"},"content":{"rendered":"<div data-elementor-type=\"wp-page\" data-elementor-id=\"453\" class=\"elementor elementor-453\" data-elementor-post-type=\"page\">\n\t\t\t\t\t\t<section class=\"elementor-section elementor-top-section elementor-element elementor-element-36bd2249 elementor-section-full_width elementor-section-height-min-height elementor-section-height-default elementor-section-items-middle\" data-id=\"36bd2249\" data-element_type=\"section\" data-settings=\"{&quot;background_background&quot;:&quot;classic&quot;}\">\n\t\t\t\t\t\t<div class=\"elementor-container elementor-column-gap-no\">\n\t\t\t\t\t<div class=\"elementor-column elementor-col-100 elementor-top-column elementor-element elementor-element-3df300\" data-id=\"3df300\" data-element_type=\"column\">\n\t\t\t<div class=\"elementor-widget-wrap\">\n\t\t\t\t\t\t\t<\/div>\n\t\t<\/div>\n\t\t\t\t\t<\/div>\n\t\t<\/section>\n\t\t              <div data-parallax-id=\"bdt_scene5291f92\"\r\n                   id=\"bdt_scene5291f92\" class=\"parallax-scene\">\r\n                                        \r\n                      \r\n                    <div data-depth=\"0.1\"\r\n                         class=\"bdt-scene-item\" style=\"background-position-x: 50%; background-position-y: 50%; background-size: cover;\"><\/div>\r\n                  \r\n                                <\/div>\r\n                \r\n                \t\t<section class=\"has-bdt-parallax elementor-section elementor-top-section elementor-element elementor-element-5291f92 elementor-section-stretched elementor-section-full_width elementor-section-height-default elementor-section-height-default\" data-id=\"5291f92\" data-element_type=\"section\" data-settings=\"{&quot;stretch_section&quot;:&quot;section-stretched&quot;,&quot;background_background&quot;:&quot;classic&quot;}\">\n\t\t\t\t\t\t<div class=\"elementor-container elementor-column-gap-default\">\n\t\t\t\t\t<div class=\"elementor-column elementor-col-100 elementor-top-column elementor-element elementor-element-d494e55\" data-id=\"d494e55\" data-element_type=\"column\">\n\t\t\t<div class=\"elementor-widget-wrap elementor-element-populated\">\n\t\t\t\t\t\t<div class=\"elementor-element elementor-element-c3daaa8 elementor-widget elementor-widget-spacer\" data-id=\"c3daaa8\" data-element_type=\"widget\" data-widget_type=\"spacer.default\">\n\t\t\t\t<div class=\"elementor-widget-container\">\n\t\t\t\t\t<div class=\"elementor-spacer\">\n\t\t\t<div class=\"elementor-spacer-inner\"><\/div>\n\t\t<\/div>\n\t\t\t\t<\/div>\n\t\t\t\t<\/div>\n\t\t\t\t<div class=\"elementor-element elementor-element-1f2da81 elementor-widget elementor-widget-bdt-advanced-heading\" data-id=\"1f2da81\" data-element_type=\"widget\" data-widget_type=\"bdt-advanced-heading.default\">\n\t\t\t\t<div class=\"elementor-widget-container\">\n\t\t\t<div id =\"1f2da81\" class=\"bdt-advanced-heading\" data-settings=\"{&quot;titleMultiColor&quot;:&quot;no&quot;}\"><div class=\"bdt-sub-heading\"><div class=\"bdt-sub-heading-content\">AMLTHINK<\/div><div class=\"line bdt-button-icon-align-left\"><\/div><\/div> <h2 class=\"bdt-heading-title\"><\/h2><\/div>\t\t<\/div>\n\t\t\t\t<\/div>\n\t\t\t\t<div class=\"elementor-element elementor-element-0425f9b elementor-widget elementor-widget-bdt-advanced-heading\" data-id=\"0425f9b\" data-element_type=\"widget\" data-widget_type=\"bdt-advanced-heading.default\">\n\t\t\t\t<div class=\"elementor-widget-container\">\n\t\t\t<div id =\"0425f9b\" class=\"bdt-advanced-heading\" data-settings=\"{&quot;titleMultiColor&quot;:&quot;no&quot;}\"><div class=\"bdt-sub-heading\"><div class=\"bdt-sub-heading-content\">Self-Service<\/div><\/div> <h2 class=\"bdt-heading-title\"><span class=\"bdt-main-heading\"><span class=\"bdt-main-heading-inner\">AML Compliance Report<\/span><\/span><\/h2><\/div>\t\t<\/div>\n\t\t\t\t<\/div>\n\t\t\t\t<div class=\"elementor-element elementor-element-9d8e130 elementor-widget elementor-widget-text-editor\" data-id=\"9d8e130\" data-element_type=\"widget\" data-widget_type=\"text-editor.default\">\n\t\t\t\t<div class=\"elementor-widget-container\">\n\t\t\t\t\t\t\t<p>As AMLTHINK, we believe in the importance of supporting our reporting entities as they seek to improve their compliance levels under AML\/CFT. We support your efforts with the Self-Service AMLTHINK Compliance Report.<\/p>\t\t\t\t\t\t<\/div>\n\t\t\t\t<\/div>\n\t\t\t\t<section class=\"elementor-section elementor-inner-section elementor-element elementor-element-72a1add elementor-section-full_width elementor-section-height-default elementor-section-height-default\" data-id=\"72a1add\" data-element_type=\"section\">\n\t\t\t\t\t\t<div class=\"elementor-container elementor-column-gap-default\">\n\t\t\t\t\t<div class=\"elementor-column elementor-col-50 elementor-inner-column elementor-element elementor-element-c84fec4\" data-id=\"c84fec4\" data-element_type=\"column\">\n\t\t\t<div class=\"elementor-widget-wrap elementor-element-populated\">\n\t\t\t\t\t\t<div class=\"elementor-element elementor-element-ea9378a elementor-widget elementor-widget-text-editor\" data-id=\"ea9378a\" data-element_type=\"widget\" data-widget_type=\"text-editor.default\">\n\t\t\t\t<div class=\"elementor-widget-container\">\n\t\t\t\t\t\t\t<p>A compliance program should include the following measures:<\/p><p>1. Corporate policy and procedures<\/p><p>2. Risk management<\/p><p>3.Monitoring and control<\/p><p>4. Compliance officer<\/p><p>5. Training<\/p><p>6. Internal Audit<\/p>\t\t\t\t\t\t<\/div>\n\t\t\t\t<\/div>\n\t\t\t\t\t<\/div>\n\t\t<\/div>\n\t\t\t\t<div class=\"elementor-column elementor-col-50 elementor-inner-column elementor-element elementor-element-e3e633a\" data-id=\"e3e633a\" data-element_type=\"column\">\n\t\t\t<div class=\"elementor-widget-wrap elementor-element-populated\">\n\t\t\t\t\t\t<div class=\"elementor-element elementor-element-f63f177 elementor-widget elementor-widget-text-editor\" data-id=\"f63f177\" data-element_type=\"widget\" data-widget_type=\"text-editor.default\">\n\t\t\t\t<div class=\"elementor-widget-container\">\n\t\t\t\t\t\t\t<p>As part of the compliance program, it is mandatory to prepare a Corporate Policy taking into account the size of the company, the scope of the business, and the nature of the transactions carried out. The corporate policy should be submitted to the FIU for approval. The corporate policy should contain the following lines:<\/p><p>1. Risk Management<\/p><p>2. Monitoring and Control<\/p><p>3. Training<\/p><p>4. Internal Audit<\/p>\t\t\t\t\t\t<\/div>\n\t\t\t\t<\/div>\n\t\t\t\t\t<\/div>\n\t\t<\/div>\n\t\t\t\t\t<\/div>\n\t\t<\/section>\n\t\t\t\t<div class=\"elementor-element elementor-element-5ab61b2 elementor-widget elementor-widget-spacer\" data-id=\"5ab61b2\" data-element_type=\"widget\" data-widget_type=\"spacer.default\">\n\t\t\t\t<div class=\"elementor-widget-container\">\n\t\t\t\t\t<div class=\"elementor-spacer\">\n\t\t\t<div class=\"elementor-spacer-inner\"><\/div>\n\t\t<\/div>\n\t\t\t\t<\/div>\n\t\t\t\t<\/div>\n\t\t\t\t<div class=\"elementor-element elementor-element-7bcdce3 elementor-widget elementor-widget-bdt-advanced-heading\" data-id=\"7bcdce3\" data-element_type=\"widget\" data-widget_type=\"bdt-advanced-heading.default\">\n\t\t\t\t<div class=\"elementor-widget-container\">\n\t\t\t<div id =\"7bcdce3\" class=\"bdt-advanced-heading\" data-settings=\"{&quot;titleMultiColor&quot;:&quot;no&quot;}\"><div class=\"bdt-sub-heading\"><div class=\"bdt-sub-heading-content\">SELF SERVICE and ONLINE<\/div><div class=\"line bdt-button-icon-align-left\"><\/div><\/div> <h2 class=\"bdt-heading-title\"><\/h2><\/div>\t\t<\/div>\n\t\t\t\t<\/div>\n\t\t\t\t<div class=\"elementor-element elementor-element-8de3dd5 elementor-widget elementor-widget-bdt-advanced-heading\" data-id=\"8de3dd5\" data-element_type=\"widget\" data-widget_type=\"bdt-advanced-heading.default\">\n\t\t\t\t<div class=\"elementor-widget-container\">\n\t\t\t<div id =\"8de3dd5\" class=\"bdt-advanced-heading\" data-settings=\"{&quot;titleMultiColor&quot;:&quot;no&quot;}\"><div class=\"bdt-sub-heading\"><div class=\"bdt-sub-heading-content\">Ensure Your Company Meets<\/div><\/div> <h2 class=\"bdt-heading-title\"><span class=\"bdt-main-heading\"><span class=\"bdt-main-heading-inner\">AML\/CTF Obligations<\/span><\/span><\/h2><\/div>\t\t<\/div>\n\t\t\t\t<\/div>\n\t\t\t\t<div class=\"elementor-element elementor-element-8b0998f elementor-widget elementor-widget-text-editor\" data-id=\"8b0998f\" data-element_type=\"widget\" data-widget_type=\"text-editor.default\">\n\t\t\t\t<div class=\"elementor-widget-container\">\n\t\t\t\t\t\t\t<p>Use the AMLTHINK Compliance Report to assess whether your AML compliance program and corporate policies are sufficient.<\/p>\t\t\t\t\t\t<\/div>\n\t\t\t\t<\/div>\n\t\t\t\t<section class=\"elementor-section elementor-inner-section elementor-element elementor-element-c30336d elementor-section-boxed elementor-section-height-default elementor-section-height-default\" data-id=\"c30336d\" data-element_type=\"section\">\n\t\t\t\t\t\t<div class=\"elementor-container elementor-column-gap-default\">\n\t\t\t\t\t<div class=\"elementor-column elementor-col-33 elementor-inner-column elementor-element elementor-element-e2282e4\" data-id=\"e2282e4\" data-element_type=\"column\">\n\t\t\t<div class=\"elementor-widget-wrap elementor-element-populated\">\n\t\t\t\t\t\t<div class=\"elementor-element elementor-element-f6059fa bdt-icon-type-icon elementor-position-top bdt-icon-effect-none elementor-widget elementor-widget-bdt-advanced-icon-box\" data-id=\"f6059fa\" data-element_type=\"widget\" data-widget_type=\"bdt-advanced-icon-box.default\">\n\t\t\t\t<div class=\"elementor-widget-container\">\n\t\t\t\t\t<div class=\"bdt-advanced-icon-box\">\n\n\t\t\t\t\t\t\t\n\t\t\t\t\t\t\t<div class=\"bdt-advanced-icon-box-icon\">\n\t\t\t\t\t<span class=\"bdt-icon-wrapper\">\n\n\n\t\t\t\t\t\t\n\t\t\t\t\t\t\t<i aria-hidden=\"true\" class=\"far fa-lightbulb\"><\/i>\n\t\t\t\t\t\t\t\n\t\t\t\t\t\t\t\t\t\t\t<\/span>\n\t\t\t\t<\/div>\n\t\t\t\n\t\t\t\t\t\t\t\t\n\t\t\t<div class=\"bdt-advanced-icon-box-content\">\n\t\t\t\t\n\t\t\t\t\t\t\t\t\t\n\t\t\t\t<h3 class=\"bdt-advanced-icon-box-title\">\n\t\t\t\t<span >\n\t\t\t\t\tEASY\t\t\t\t<\/span>\n\t\t\t<\/h3>\n\t\t\n\n\t\t\n\t\t\t\t\t\t\n\t\t\t\t\n\t\t\t\t\n\t\t\t\t\t\t\t<\/div>\n\t\t<\/div>\n\n\t\t\n\t\t\n\t\t\t\t<\/div>\n\t\t\t\t<\/div>\n\t\t\t\t<div class=\"elementor-element elementor-element-4346acc bdt-icon-type-icon elementor-position-top bdt-icon-effect-none elementor-widget elementor-widget-bdt-advanced-icon-box\" data-id=\"4346acc\" data-element_type=\"widget\" data-widget_type=\"bdt-advanced-icon-box.default\">\n\t\t\t\t<div class=\"elementor-widget-container\">\n\t\t\t\t\t<div class=\"bdt-advanced-icon-box\">\n\n\t\t\t\t\t\t\t\n\t\t\t\t\t\t\t<div class=\"bdt-advanced-icon-box-icon\">\n\t\t\t\t\t<span class=\"bdt-icon-wrapper\">\n\n\n\t\t\t\t\t\t\n\t\t\t\t\t\t\t<i aria-hidden=\"true\" class=\"fas fa-pen-fancy\"><\/i>\n\t\t\t\t\t\t\t\n\t\t\t\t\t\t\t\t\t\t\t<\/span>\n\t\t\t\t<\/div>\n\t\t\t\n\t\t\t\t\t\t\t\t\n\t\t\t<div class=\"bdt-advanced-icon-box-content\">\n\t\t\t\t\n\t\t\t\t\t\t\t\t\t\n\t\t\t\t<h3 class=\"bdt-advanced-icon-box-title\">\n\t\t\t\t<span >\n\t\t\t\t\tProvide Answers\t\t\t\t<\/span>\n\t\t\t<\/h3>\n\t\t\n\n\t\t\n\t\t\t\t\t\t\n\t\t\t\t\n\t\t\t\t\t\t\t\t\t<div class=\"bdt-advanced-icon-box-description\">\n\t\t\t\t\t\t<p>Bizimle ileti\u015fime ge\u00e7in. AML Uyum Karnesi, uyum konusunda sizlere iletece\u011fimiz sorulara verdi\u011finiz cevaplar esas al\u0131narak haz\u0131rlan\u0131r.<\/p>\t\t\t\t\t<\/div>\n\t\t\t\t\n\t\t\t\t\t\t\t<\/div>\n\t\t<\/div>\n\n\t\t\t\t\t<div class=\"bdt-indicator-svg bdt-svg-style-5\">\n\t\t\t\t<svg version=\"1.1\" xmlns=\"http:\/\/www.w3.org\/2000\/svg\" viewbox=\"0 0 150 50\"><g><path class=\"st0\" d=\"M5.7,40.9c-0.8-0.1-1.5,0.5-1.5,1.3c-0.1,0.8,0.5,1.5,1.3,1.5C6.3,43.8,7,43.2,7,42.5    C7.1,41.7,6.5,41,5.7,40.9z\"\/><circle class=\"st0\" cx=\"10.4\" cy=\"36.6\" r=\"1.7\"\/><path class=\"st0\" d=\"M15.8,29c-1.1-0.1-2,0.7-2.1,1.8c-0.1,1.1,0.7,2,1.8,2.1c1.1,0.1,2-0.7,2.1-1.8S16.8,29,15.8,29z\"\/><path class=\"st0\" d=\"M21.8,22.9c-1.1-0.1-2.1,0.8-2.2,1.9c-0.1,1.1,0.8,2.1,1.9,2.2c1.1,0.1,2.1-0.8,2.2-1.9    C23.8,24,22.9,23,21.8,22.9z\"\/><circle class=\"st0\" cx=\"28.3\" cy=\"19.9\" r=\"2\"\/><path class=\"st0\" d=\"M36.2,12.7c-1.1-0.1-2.1,0.8-2.2,1.9c-0.1,1.1,0.8,2.1,1.9,2.2c1.1,0.1,2.1-0.8,2.2-1.9    C38.2,13.7,37.4,12.8,36.2,12.7z\"\/><path class=\"st0\" d=\"M55.4,5.8c-1.2-0.1-2.2,0.8-2.3,2c-0.1,1.2,0.8,2.2,2,2.3c1.2,0.1,2.2-0.8,2.3-2C57.5,6.9,56.6,5.8,55.4,5.8z\"    \/><path class=\"st0\" d=\"M45.5,8.8c-1.2-0.1-2.3,0.8-2.3,2c-0.1,1.2,0.8,2.3,2,2.3c1.2,0.1,2.3-0.8,2.3-2C47.6,9.9,46.7,8.9,45.5,8.8z\"    \/><circle class=\"st0\" cx=\"65.9\" cy=\"6\" r=\"2.4\"\/><circle class=\"st0\" cx=\"76.8\" cy=\"4.8\" r=\"2.4\"\/><circle class=\"st0\" cx=\"88.7\" cy=\"6.1\" r=\"2.4\"\/><circle class=\"st0\" cx=\"99.9\" cy=\"9.4\" r=\"2.4\"\/><circle class=\"st0\" cx=\"109.7\" cy=\"13.4\" r=\"2.4\"\/><circle class=\"st0\" cx=\"119.6\" cy=\"19.1\" r=\"2.4\"\/><circle class=\"st0\" cx=\"128.5\" cy=\"25.6\" r=\"2.4\"\/><circle class=\"st0\" cx=\"135.3\" cy=\"32.5\" r=\"2.4\"\/><circle class=\"st0\" cx=\"142.6\" cy=\"41.8\" r=\"2.4\"\/><circle class=\"st0\" cx=\"143.1\" cy=\"34.7\" r=\"2.4\"\/><circle class=\"st0\" cx=\"143.6\" cy=\"27.9\" r=\"2.4\"\/><circle class=\"st0\" cx=\"144.1\" cy=\"21\" r=\"2.4\"\/><circle class=\"st0\" cx=\"120.9\" cy=\"40.3\" r=\"2.4\"\/><circle class=\"st0\" cx=\"127.8\" cy=\"40.8\" r=\"2.4\"\/><circle class=\"st0\" cx=\"134.6\" cy=\"41.3\" r=\"2.4\"\/><\/g><\/svg>\t\t\t<\/div>\n\t\t\n\t\t\n\t\t\t\t<\/div>\n\t\t\t\t<\/div>\n\t\t\t\t\t<\/div>\n\t\t<\/div>\n\t\t\t\t<div class=\"elementor-column elementor-col-33 elementor-inner-column elementor-element elementor-element-394d793\" data-id=\"394d793\" data-element_type=\"column\">\n\t\t\t<div class=\"elementor-widget-wrap elementor-element-populated\">\n\t\t\t\t\t\t<div class=\"elementor-element elementor-element-7ba5f8f bdt-icon-type-icon elementor-position-top bdt-icon-effect-none elementor-widget elementor-widget-bdt-advanced-icon-box\" data-id=\"7ba5f8f\" data-element_type=\"widget\" data-widget_type=\"bdt-advanced-icon-box.default\">\n\t\t\t\t<div class=\"elementor-widget-container\">\n\t\t\t\t\t<div class=\"bdt-advanced-icon-box\">\n\n\t\t\t\t\t\t\t\n\t\t\t\t\t\t\t<div class=\"bdt-advanced-icon-box-icon\">\n\t\t\t\t\t<span class=\"bdt-icon-wrapper\">\n\n\n\t\t\t\t\t\t\n\t\t\t\t\t\t\t<i aria-hidden=\"true\" class=\"far fa-clock\"><\/i>\n\t\t\t\t\t\t\t\n\t\t\t\t\t\t\t\t\t\t\t<\/span>\n\t\t\t\t<\/div>\n\t\t\t\n\t\t\t\t\t\t\t\t\n\t\t\t<div class=\"bdt-advanced-icon-box-content\">\n\t\t\t\t\n\t\t\t\t\t\t\t\t\t\n\t\t\t\t<h3 class=\"bdt-advanced-icon-box-title\">\n\t\t\t\t<span >\n\t\t\t\t\tFAST\t\t\t\t<\/span>\n\t\t\t<\/h3>\n\t\t\n\n\t\t\n\t\t\t\t\t\t\n\t\t\t\t\n\t\t\t\t\n\t\t\t\t\t\t\t<\/div>\n\t\t<\/div>\n\n\t\t\n\t\t\n\t\t\t\t<\/div>\n\t\t\t\t<\/div>\n\t\t\t\t<div class=\"elementor-element elementor-element-83b477f bdt-icon-type-icon elementor-position-top bdt-icon-effect-none elementor-widget elementor-widget-bdt-advanced-icon-box\" data-id=\"83b477f\" data-element_type=\"widget\" data-widget_type=\"bdt-advanced-icon-box.default\">\n\t\t\t\t<div class=\"elementor-widget-container\">\n\t\t\t\t\t<div class=\"bdt-advanced-icon-box\">\n\n\t\t\t\t\t\t\t\n\t\t\t\t\t\t\t<div class=\"bdt-advanced-icon-box-icon\">\n\t\t\t\t\t<span class=\"bdt-icon-wrapper\">\n\n\n\t\t\t\t\t\t\n\t\t\t\t\t\t\t<i aria-hidden=\"true\" class=\"fas fa-search-plus\"><\/i>\n\t\t\t\t\t\t\t\n\t\t\t\t\t\t\t\t\t\t\t<\/span>\n\t\t\t\t<\/div>\n\t\t\t\n\t\t\t\t\t\t\t\t\n\t\t\t<div class=\"bdt-advanced-icon-box-content\">\n\t\t\t\t\n\t\t\t\t\t\t\t\t\t\n\t\t\t\t<h3 class=\"bdt-advanced-icon-box-title\">\n\t\t\t\t<span >\n\t\t\t\t\tRisk Assessment\t\t\t\t<\/span>\n\t\t\t<\/h3>\n\t\t\n\n\t\t\n\t\t\t\t\t\t\n\t\t\t\t\n\t\t\t\t\t\t\t\t\t<div class=\"bdt-advanced-icon-box-description\">\n\t\t\t\t\t\tAML Compliance Report contains our assessment regarding your compliance level and the steps you need to take.\t\t\t\t\t<\/div>\n\t\t\t\t\n\t\t\t\t\t\t\t<\/div>\n\t\t<\/div>\n\n\t\t\t\t\t<div class=\"bdt-indicator-svg bdt-svg-style-5\">\n\t\t\t\t<svg version=\"1.1\" xmlns=\"http:\/\/www.w3.org\/2000\/svg\" viewbox=\"0 0 150 50\"><g><path class=\"st0\" d=\"M5.7,40.9c-0.8-0.1-1.5,0.5-1.5,1.3c-0.1,0.8,0.5,1.5,1.3,1.5C6.3,43.8,7,43.2,7,42.5    C7.1,41.7,6.5,41,5.7,40.9z\"\/><circle class=\"st0\" cx=\"10.4\" cy=\"36.6\" r=\"1.7\"\/><path class=\"st0\" d=\"M15.8,29c-1.1-0.1-2,0.7-2.1,1.8c-0.1,1.1,0.7,2,1.8,2.1c1.1,0.1,2-0.7,2.1-1.8S16.8,29,15.8,29z\"\/><path class=\"st0\" d=\"M21.8,22.9c-1.1-0.1-2.1,0.8-2.2,1.9c-0.1,1.1,0.8,2.1,1.9,2.2c1.1,0.1,2.1-0.8,2.2-1.9    C23.8,24,22.9,23,21.8,22.9z\"\/><circle class=\"st0\" cx=\"28.3\" cy=\"19.9\" r=\"2\"\/><path class=\"st0\" d=\"M36.2,12.7c-1.1-0.1-2.1,0.8-2.2,1.9c-0.1,1.1,0.8,2.1,1.9,2.2c1.1,0.1,2.1-0.8,2.2-1.9    C38.2,13.7,37.4,12.8,36.2,12.7z\"\/><path class=\"st0\" d=\"M55.4,5.8c-1.2-0.1-2.2,0.8-2.3,2c-0.1,1.2,0.8,2.2,2,2.3c1.2,0.1,2.2-0.8,2.3-2C57.5,6.9,56.6,5.8,55.4,5.8z\"    \/><path class=\"st0\" d=\"M45.5,8.8c-1.2-0.1-2.3,0.8-2.3,2c-0.1,1.2,0.8,2.3,2,2.3c1.2,0.1,2.3-0.8,2.3-2C47.6,9.9,46.7,8.9,45.5,8.8z\"    \/><circle class=\"st0\" cx=\"65.9\" cy=\"6\" r=\"2.4\"\/><circle class=\"st0\" cx=\"76.8\" cy=\"4.8\" r=\"2.4\"\/><circle class=\"st0\" cx=\"88.7\" cy=\"6.1\" r=\"2.4\"\/><circle class=\"st0\" cx=\"99.9\" cy=\"9.4\" r=\"2.4\"\/><circle class=\"st0\" cx=\"109.7\" cy=\"13.4\" r=\"2.4\"\/><circle class=\"st0\" cx=\"119.6\" cy=\"19.1\" r=\"2.4\"\/><circle class=\"st0\" cx=\"128.5\" cy=\"25.6\" r=\"2.4\"\/><circle class=\"st0\" cx=\"135.3\" cy=\"32.5\" r=\"2.4\"\/><circle class=\"st0\" cx=\"142.6\" cy=\"41.8\" r=\"2.4\"\/><circle class=\"st0\" cx=\"143.1\" cy=\"34.7\" r=\"2.4\"\/><circle class=\"st0\" cx=\"143.6\" cy=\"27.9\" r=\"2.4\"\/><circle class=\"st0\" cx=\"144.1\" cy=\"21\" r=\"2.4\"\/><circle class=\"st0\" cx=\"120.9\" cy=\"40.3\" r=\"2.4\"\/><circle class=\"st0\" cx=\"127.8\" cy=\"40.8\" r=\"2.4\"\/><circle class=\"st0\" cx=\"134.6\" cy=\"41.3\" r=\"2.4\"\/><\/g><\/svg>\t\t\t<\/div>\n\t\t\n\t\t\n\t\t\t\t<\/div>\n\t\t\t\t<\/div>\n\t\t\t\t\t<\/div>\n\t\t<\/div>\n\t\t\t\t<div class=\"elementor-column elementor-col-33 elementor-inner-column elementor-element elementor-element-ece04ea\" data-id=\"ece04ea\" data-element_type=\"column\">\n\t\t\t<div class=\"elementor-widget-wrap elementor-element-populated\">\n\t\t\t\t\t\t<div class=\"elementor-element elementor-element-82058c7 bdt-icon-type-icon elementor-position-top bdt-icon-effect-none elementor-widget elementor-widget-bdt-advanced-icon-box\" data-id=\"82058c7\" data-element_type=\"widget\" data-widget_type=\"bdt-advanced-icon-box.default\">\n\t\t\t\t<div class=\"elementor-widget-container\">\n\t\t\t\t\t<div class=\"bdt-advanced-icon-box\">\n\n\t\t\t\t\t\t\t\n\t\t\t\t\t\t\t<div class=\"bdt-advanced-icon-box-icon\">\n\t\t\t\t\t<span class=\"bdt-icon-wrapper\">\n\n\n\t\t\t\t\t\t\n\t\t\t\t\t\t\t<i aria-hidden=\"true\" class=\"far fa-keyboard\"><\/i>\n\t\t\t\t\t\t\t\n\t\t\t\t\t\t\t\t\t\t\t<\/span>\n\t\t\t\t<\/div>\n\t\t\t\n\t\t\t\t\t\t\t\t\n\t\t\t<div class=\"bdt-advanced-icon-box-content\">\n\t\t\t\t\n\t\t\t\t\t\t\t\t\t\n\t\t\t\t<h3 class=\"bdt-advanced-icon-box-title\">\n\t\t\t\t<span >\n\t\t\t\t\tONLINE\t\t\t\t<\/span>\n\t\t\t<\/h3>\n\t\t\n\n\t\t\n\t\t\t\t\t\t\n\t\t\t\t\n\t\t\t\t\n\t\t\t\t\t\t\t<\/div>\n\t\t<\/div>\n\n\t\t\n\t\t\n\t\t\t\t<\/div>\n\t\t\t\t<\/div>\n\t\t\t\t<div class=\"elementor-element elementor-element-336576b bdt-icon-type-icon elementor-position-top bdt-icon-effect-none elementor-widget elementor-widget-bdt-advanced-icon-box\" data-id=\"336576b\" data-element_type=\"widget\" data-widget_type=\"bdt-advanced-icon-box.default\">\n\t\t\t\t<div class=\"elementor-widget-container\">\n\t\t\t\t\t<div class=\"bdt-advanced-icon-box\">\n\n\t\t\t\t\t\t\t\n\t\t\t\t\t\t\t<div class=\"bdt-advanced-icon-box-icon\">\n\t\t\t\t\t<span class=\"bdt-icon-wrapper\">\n\n\n\t\t\t\t\t\t\n\t\t\t\t\t\t\t<i aria-hidden=\"true\" class=\"far fa-envelope\"><\/i>\n\t\t\t\t\t\t\t\n\t\t\t\t\t\t\t\t\t\t\t<\/span>\n\t\t\t\t<\/div>\n\t\t\t\n\t\t\t\t\t\t\t\t\n\t\t\t<div class=\"bdt-advanced-icon-box-content\">\n\t\t\t\t\n\t\t\t\t\t\t\t\t\t\n\t\t\t\t<h3 class=\"bdt-advanced-icon-box-title\">\n\t\t\t\t<span >\n\t\t\t\t\tYour Inbox\t\t\t\t<\/span>\n\t\t\t<\/h3>\n\t\t\n\n\t\t\n\t\t\t\t\t\t\n\t\t\t\t\n\t\t\t\t\t\t\t\t\t<div class=\"bdt-advanced-icon-box-description\">\n\t\t\t\t\t\t<p>The AML Compliance Report will be generated and sent to your email address within 24 hours of submitting the form.<\/p>\t\t\t\t\t<\/div>\n\t\t\t\t\n\t\t\t\t\t\t\t<\/div>\n\t\t<\/div>\n\n\t\t\n\t\t\n\t\t\t\t<\/div>\n\t\t\t\t<\/div>\n\t\t\t\t\t<\/div>\n\t\t<\/div>\n\t\t\t\t\t<\/div>\n\t\t<\/section>\n\t\t\t\t<div class=\"elementor-element elementor-element-a187ba6 elementor-widget elementor-widget-spacer\" data-id=\"a187ba6\" data-element_type=\"widget\" data-widget_type=\"spacer.default\">\n\t\t\t\t<div class=\"elementor-widget-container\">\n\t\t\t\t\t<div class=\"elementor-spacer\">\n\t\t\t<div class=\"elementor-spacer-inner\"><\/div>\n\t\t<\/div>\n\t\t\t\t<\/div>\n\t\t\t\t<\/div>\n\t\t\t\t<div class=\"elementor-element elementor-element-585f2f5 elementor-align-center elementor-tablet-align-left elementor-mobile-align-center elementor-widget elementor-widget-button\" data-id=\"585f2f5\" data-element_type=\"widget\" data-widget_type=\"button.default\">\n\t\t\t\t<div class=\"elementor-widget-container\">\n\t\t\t\t\t<div class=\"elementor-button-wrapper\">\n\t\t\t<a class=\"elementor-button elementor-button-link elementor-size-sm\" href=\"#elementor-action:action=popup:open&settings=eyJpZCI6IjExMjMiLCJ0b2dnbGUiOmZhbHNlfQ==\">\n\t\t\t\t\t\t<span class=\"elementor-button-content-wrapper\">\n\t\t\t\t\t\t\t\t\t<span class=\"elementor-button-text\">Request a Call Back<\/span>\n\t\t\t\t\t<\/span>\n\t\t\t\t\t<\/a>\n\t\t<\/div>\n\t\t\t\t<\/div>\n\t\t\t\t<\/div>\n\t\t\t\t<div class=\"elementor-element elementor-element-6031780 elementor-widget elementor-widget-spacer\" data-id=\"6031780\" data-element_type=\"widget\" data-widget_type=\"spacer.default\">\n\t\t\t\t<div class=\"elementor-widget-container\">\n\t\t\t\t\t<div class=\"elementor-spacer\">\n\t\t\t<div class=\"elementor-spacer-inner\"><\/div>\n\t\t<\/div>\n\t\t\t\t<\/div>\n\t\t\t\t<\/div>\n\t\t\t\t\t<\/div>\n\t\t<\/div>\n\t\t\t\t\t<\/div>\n\t\t<\/section>\n\t\t              <div data-parallax-id=\"bdt_scene4fbac460\"\r\n                   id=\"bdt_scene4fbac460\" class=\"parallax-scene\">\r\n                                        \r\n                      \r\n                    <div data-depth=\"0.1\"\r\n                         class=\"bdt-scene-item\" style=\"background-position-x: 50%; background-position-y: 50%; background-size: cover;\"><\/div>\r\n                  \r\n                                <\/div>\r\n                \r\n                \t\t<section class=\"has-bdt-parallax elementor-section elementor-top-section elementor-element elementor-element-4fbac460 elementor-section-stretched elementor-section-full_width elementor-section-height-default elementor-section-height-default\" data-id=\"4fbac460\" data-element_type=\"section\" data-settings=\"{&quot;stretch_section&quot;:&quot;section-stretched&quot;,&quot;background_background&quot;:&quot;classic&quot;}\">\n\t\t\t\t\t\t<div class=\"elementor-container elementor-column-gap-default\">\n\t\t\t\t\t<div class=\"elementor-column elementor-col-100 elementor-top-column elementor-element elementor-element-2a49136b\" data-id=\"2a49136b\" data-element_type=\"column\">\n\t\t\t<div class=\"elementor-widget-wrap elementor-element-populated\">\n\t\t\t\t\t\t<div class=\"elementor-element elementor-element-ff4c47f elementor-widget elementor-widget-text-editor\" data-id=\"ff4c47f\" data-element_type=\"widget\" data-widget_type=\"text-editor.default\">\n\t\t\t\t<div class=\"elementor-widget-container\">\n\t\t\t\t\t\t\t<p>The AMLTHINK Compliance Report is generated entirely according to your responses. This risk assessment does not mean that your level of compliance is subject to an independent assessment under the legislation and does not remove your obligations in this regard.<\/p>\t\t\t\t\t\t<\/div>\n\t\t\t\t<\/div>\n\t\t\t\t<div class=\"elementor-element elementor-element-e467246 elementor-widget elementor-widget-spacer\" data-id=\"e467246\" data-element_type=\"widget\" data-widget_type=\"spacer.default\">\n\t\t\t\t<div class=\"elementor-widget-container\">\n\t\t\t\t\t<div class=\"elementor-spacer\">\n\t\t\t<div class=\"elementor-spacer-inner\"><\/div>\n\t\t<\/div>\n\t\t\t\t<\/div>\n\t\t\t\t<\/div>\n\t\t\t\t\t<\/div>\n\t\t<\/div>\n\t\t\t\t\t<\/div>\n\t\t<\/section>\n\t\t\t\t<\/div>","protected":false},"excerpt":{"rendered":"<p>AMLTHINK Ne kadar uyumlusunuz? Uyum karnesi AMLTHINK olarak, AML\/CFT kapsam\u0131nda uyum d\u00fczeyini iyile\u015ftirmek isteyen y\u00fck\u00fcml\u00fclerimizin desteklenmesinin \u00f6nemine inan\u0131yoruz. Bu nedenle AMLTHINK Uyum Karnesi ile y\u00fck\u00fcml\u00fclerimizin bu \u00e7abas\u0131na destek veriyoruz. Uyum Program\u0131 Hakk\u0131nda Y\u00f6netmelik&#8217;e g\u00f6re, uyum program\u0131 asgari olarak \u015fu tedbirleri i\u00e7ermelidir: 1. Kurum politikas\u0131 ve prosed\u00fcrleri 2. Risk y\u00f6netimi 3. \u0130zleme ve kontrol 4. Uyum [&hellip;]<\/p>","protected":false},"author":1,"featured_media":0,"parent":0,"menu_order":0,"comment_status":"closed","ping_status":"closed","template":"elementor_header_footer","meta":[],"_links":{"self":[{"href":"https:\/\/amlthink.com\/en\/wp-json\/wp\/v2\/pages\/453"}],"collection":[{"href":"https:\/\/amlthink.com\/en\/wp-json\/wp\/v2\/pages"}],"about":[{"href":"https:\/\/amlthink.com\/en\/wp-json\/wp\/v2\/types\/page"}],"author":[{"embeddable":true,"href":"https:\/\/amlthink.com\/en\/wp-json\/wp\/v2\/users\/1"}],"replies":[{"embeddable":true,"href":"https:\/\/amlthink.com\/en\/wp-json\/wp\/v2\/comments?post=453"}],"version-history":[{"count":60,"href":"https:\/\/amlthink.com\/en\/wp-json\/wp\/v2\/pages\/453\/revisions"}],"predecessor-version":[{"id":2265,"href":"https:\/\/amlthink.com\/en\/wp-json\/wp\/v2\/pages\/453\/revisions\/2265"}],"wp:attachment":[{"href":"https:\/\/amlthink.com\/en\/wp-json\/wp\/v2\/media?parent=453"}],"curies":[{"name":"wp","href":"https:\/\/api.w.org\/{rel}","templated":true}]}}